{"id":1120,"date":"2023-09-29T06:37:22","date_gmt":"2023-09-29T06:37:22","guid":{"rendered":"https:\/\/mgbaltic.lv\/lamineerimise-kontrollsusteem\/"},"modified":"2023-11-01T16:11:48","modified_gmt":"2023-11-01T16:11:48","slug":"lamineerimise-kontrollsusteem","status":"publish","type":"page","link":"https:\/\/mgbaltic.lv\/et\/lamineerimise-kontrollsusteem\/","title":{"rendered":"Lamineerimise kontrolls\u00fcsteem"},"content":{"rendered":"<p>[et_pb_section fb_built=&#8221;1&#8243; admin_label=&#8221;Header&#8221; _builder_version=&#8221;4.20.2&#8243; _module_preset=&#8221;default&#8221; background_color=&#8221;#eff2f5&#8243; global_colors_info=&#8221;{}&#8221;][et_pb_row column_structure=&#8221;1_2,1_2&#8243; make_equal=&#8221;on&#8221; _builder_version=&#8221;4.20.2&#8243; _module_preset=&#8221;default&#8221; global_colors_info=&#8221;{}&#8221;][et_pb_column type=&#8221;1_2&#8243; _builder_version=&#8221;4.20.2&#8243; _module_preset=&#8221;default&#8221; global_colors_info=&#8221;{}&#8221;][et_pb_text _builder_version=&#8221;4.20.2&#8243; _module_preset=&#8221;default&#8221; text_font_size=&#8221;18px&#8221; text_line_height=&#8221;1.8em&#8221; header_font=&#8221;|700|||||||&#8221; header_font_size=&#8221;45px&#8221; header_line_height=&#8221;1.2em&#8221; custom_margin=&#8221;||||false|false&#8221; text_font_size_tablet=&#8221;16px&#8221; text_font_size_phone=&#8221;14px&#8221; text_font_size_last_edited=&#8221;on|phone&#8221; header_font_size_tablet=&#8221;48px&#8221; header_font_size_phone=&#8221;32px&#8221; header_font_size_last_edited=&#8221;on|phone&#8221; header_line_height_tablet=&#8221;&#8221; header_line_height_phone=&#8221;1.4em&#8221; header_line_height_last_edited=&#8221;on|phone&#8221; locked=&#8221;off&#8221; global_colors_info=&#8221;{}&#8221;]<\/p>\n<h1>Lamineerimise kontrolls\u00fcsteem<\/h1>\n<div class=\"ql-editor\" data-gramm=\"false\" contenteditable=\"false\">\n<p>Me pakume lamineerimise ajal ainulaadset lamineerimispaberi paksuse m\u00f5\u00f5tmise lahendust. Synaptic gScan lamineerimise kontrolls\u00fcsteem on kompaktne ja igasse lamineerimisseadmesse lihtsasti paigaldatav. Seda saab kasutada pol\u00fcretaani p\u00f5hise liimiga, koos lahusega v\u00f5i ilma. L\u00e4bipaistev v\u00f5i l\u00e4bipaistmatu, tr\u00fckitud v\u00f5i metalliga plastik. Tehke oma fleksotr\u00fcki protsess kaasaaegseks ja kiireks, v\u00f5ttes meiega kohe \u00fchendust!<\/p>\n<\/div>\n<p>[\/et_pb_text][et_pb_button button_text=&#8221;V\u00f5tke meiega \u00fchendust&#8221; button_alignment=&#8221;left&#8221; _builder_version=&#8221;4.20.2&#8243; _module_preset=&#8221;default&#8221; custom_button=&#8221;on&#8221; button_text_size=&#8221;16px&#8221; button_bg_color=&#8221;#063765&#8243; button_border_color=&#8221;rgba(0,0,0,0)&#8221; button_border_radius=&#8221;0px&#8221; button_font=&#8221;|700||on|||||&#8221; button_icon=&#8221;&#x35;||divi||400&#8243; background_layout=&#8221;dark&#8221; custom_padding=&#8221;15px|40px|15px|40px|true|true&#8221; hover_enabled=&#8221;0&#8243; locked=&#8221;off&#8221; global_colors_info=&#8221;{}&#8221; button_bg_color__hover_enabled=&#8221;on|hover&#8221; button_bg_color__hover=&#8221;#e12427&#8243; button_bg_enable_color__hover=&#8221;on&#8221; button_url=&#8221;@ET-DC@eyJkeW5hbWljIjp0cnVlLCJjb250ZW50IjoicG9zdF9saW5rX3VybF9wYWdlIiwic2V0dGluZ3MiOnsicG9zdF9pZCI6IjEyIn19@&#8221; _dynamic_attributes=&#8221;button_url&#8221; sticky_enabled=&#8221;0&#8243;][\/et_pb_button][\/et_pb_column][et_pb_column type=&#8221;1_2&#8243; _builder_version=&#8221;4.20.2&#8243; _module_preset=&#8221;default&#8221; global_colors_info=&#8221;{}&#8221;][et_pb_image src=&#8221;https:\/\/mgbaltic.lv\/wp-content\/uploads\/2023\/09\/Synaptic-laminatora-kontroles-sistema-gScan-MG-Baltic.png&#8221; title_text=&#8221;Synaptic lamin\u0101tora kontroles sist\u0113ma gScan &#8211; MG Baltic&#8221; force_fullwidth=&#8221;on&#8221; _builder_version=&#8221;4.20.2&#8243; _module_preset=&#8221;default&#8221; z_index=&#8221;1&#8243; module_alignment=&#8221;right&#8221; custom_margin_tablet=&#8221;0px||||false|false&#8221; custom_margin_last_edited=&#8221;off|desktop&#8221; global_colors_info=&#8221;{}&#8221;][\/et_pb_image][\/et_pb_column][\/et_pb_row][\/et_pb_section][et_pb_section fb_built=&#8221;1&#8243; admin_label=&#8221;Details&#8221; _builder_version=&#8221;4.16&#8243; _module_preset=&#8221;default&#8221; global_colors_info=&#8221;{}&#8221;][et_pb_row column_structure=&#8221;1_4,1_4,1_4,1_4&#8243; _builder_version=&#8221;4.20.2&#8243; _module_preset=&#8221;default&#8221; global_colors_info=&#8221;{}&#8221;][et_pb_column type=&#8221;1_4&#8243; _builder_version=&#8221;4.20.2&#8243; _module_preset=&#8221;default&#8221; global_colors_info=&#8221;{}&#8221;][et_pb_blurb title=&#8221;Kvaliteet&#8221; image=&#8221;https:\/\/mgbaltic.lv\/wp-content\/uploads\/2023\/04\/kvalitate.svg&#8221; image_icon_width=&#8221;50%&#8221; _builder_version=&#8221;4.20.2&#8243; _module_preset=&#8221;default&#8221; header_font=&#8221;|700|||||||&#8221; header_text_align=&#8221;center&#8221; header_text_color=&#8221;#E12427&#8243; header_font_size=&#8221;18px&#8221; text_orientation=&#8221;justified&#8221; global_colors_info=&#8221;{}&#8221;]<\/p>\n<p><span>Teenusepakkujad, keda esindame, on t\u00f5estanud Euroopas ja mujal maailmas oma materjalide ja varustuse kvaliteeti.<\/span><\/p>\n<p>[\/et_pb_blurb][\/et_pb_column][et_pb_column type=&#8221;1_4&#8243; _builder_version=&#8221;4.20.2&#8243; _module_preset=&#8221;default&#8221; global_colors_info=&#8221;{}&#8221;][et_pb_blurb title=&#8221;Teenused&#8221; image=&#8221;https:\/\/mgbaltic.lv\/wp-content\/uploads\/2023\/04\/serviss.svg&#8221; image_icon_width=&#8221;50%&#8221; _builder_version=&#8221;4.20.2&#8243; _module_preset=&#8221;default&#8221; header_font=&#8221;|700|||||||&#8221; header_text_align=&#8221;center&#8221; header_text_color=&#8221;#E12427&#8243; header_font_size=&#8221;18px&#8221; text_orientation=&#8221;justified&#8221; global_colors_info=&#8221;{}&#8221;]<\/p>\n<p>Me pakume fleksotr\u00fcki ettev\u00f5tetele kvaliteetset teenust, toimetades kohale materjale ja pakkudes m\u00fc\u00fcdud toodetele teenindust.<\/p>\n<p>[\/et_pb_blurb][\/et_pb_column][et_pb_column type=&#8221;1_4&#8243; _builder_version=&#8221;4.20.2&#8243; _module_preset=&#8221;default&#8221; global_colors_info=&#8221;{}&#8221;][et_pb_blurb title=&#8221;Isikustatud l\u00e4henemine&#8221; image=&#8221;https:\/\/mgbaltic.lv\/wp-content\/uploads\/2023\/04\/sadarbiba.svg&#8221; image_icon_width=&#8221;50%&#8221; _builder_version=&#8221;4.20.2&#8243; _module_preset=&#8221;default&#8221; header_font=&#8221;|700|||||||&#8221; header_text_align=&#8221;center&#8221; header_text_color=&#8221;#E12427&#8243; header_font_size=&#8221;18px&#8221; text_orientation=&#8221;justified&#8221; global_colors_info=&#8221;{}&#8221;]<\/p>\n<p><span>\u00dchesuguseid kliente pole olemas. Iga kliendi olukord on erinev ja vajab individuaalset l\u00e4henemist. Me oleme selles suurep\u00e4rased.<\/span><\/p>\n<p>[\/et_pb_blurb][\/et_pb_column][et_pb_column type=&#8221;1_4&#8243; _builder_version=&#8221;4.20.2&#8243; _module_preset=&#8221;default&#8221; global_colors_info=&#8221;{}&#8221;][et_pb_blurb title=&#8221;Hea hind&#8221; image=&#8221;https:\/\/mgbaltic.lv\/wp-content\/uploads\/2023\/04\/cena.svg&#8221; image_icon_width=&#8221;50%&#8221; _builder_version=&#8221;4.20.2&#8243; _module_preset=&#8221;default&#8221; header_font=&#8221;|700|||||||&#8221; header_text_align=&#8221;center&#8221; header_text_color=&#8221;#E12427&#8243; header_font_size=&#8221;18px&#8221; text_orientation=&#8221;justified&#8221; global_colors_info=&#8221;{}&#8221;]<\/p>\n<p><span>SIA MG Baltic on tootja otsene teenusepakkuja, seega me pakume samu hindu nagu tootja. <\/span><\/p>\n<p>[\/et_pb_blurb][\/et_pb_column][\/et_pb_row][et_pb_row _builder_version=&#8221;4.20.2&#8243; _module_preset=&#8221;default&#8221; global_colors_info=&#8221;{}&#8221;][et_pb_column type=&#8221;4_4&#8243; _builder_version=&#8221;4.20.2&#8243; _module_preset=&#8221;default&#8221; global_colors_info=&#8221;{}&#8221;][et_pb_button button_text=&#8221;V\u00f5tke meiega toote suhtes \u00fchendust&#8221; button_alignment=&#8221;center&#8221; _builder_version=&#8221;4.20.2&#8243; _module_preset=&#8221;default&#8221; custom_button=&#8221;on&#8221; button_text_size=&#8221;16px&#8221; button_bg_color=&#8221;#063765&#8243; button_border_color=&#8221;rgba(0,0,0,0)&#8221; button_border_radius=&#8221;0px&#8221; button_letter_spacing=&#8221;2px&#8221; button_font=&#8221;|700||on|||||&#8221; button_icon=&#8221;&#x35;||divi||400&#8243; background_layout=&#8221;dark&#8221; custom_padding=&#8221;15px|40px|15px|40px|true|true&#8221; hover_enabled=&#8221;0&#8243; locked=&#8221;off&#8221; global_colors_info=&#8221;{}&#8221; button_bg_color__hover_enabled=&#8221;on|hover&#8221; button_bg_color__hover=&#8221;#e12427&#8243; button_bg_enable_color__hover=&#8221;on&#8221; button_url=&#8221;@ET-DC@eyJkeW5hbWljIjp0cnVlLCJjb250ZW50IjoicG9zdF9saW5rX3VybF9wYWdlIiwic2V0dGluZ3MiOnsicG9zdF9pZCI6IjEyIn19@&#8221; _dynamic_attributes=&#8221;button_url&#8221; sticky_enabled=&#8221;0&#8243;][\/et_pb_button][\/et_pb_column][\/et_pb_row][\/et_pb_section][et_pb_section fb_built=&#8221;1&#8243; admin_label=&#8221;Feature&#8221; _builder_version=&#8221;4.20.2&#8243; _module_preset=&#8221;default&#8221; background_image=&#8221;https:\/\/mgbaltic.lv\/wp-content\/uploads\/2023\/04\/fons.svg&#8221; background_size=&#8221;initial&#8221; global_colors_info=&#8221;{}&#8221;][et_pb_row column_structure=&#8221;2_5,3_5&#8243; _builder_version=&#8221;4.20.2&#8243; _module_preset=&#8221;default&#8221; custom_margin=&#8221;50px||50px||true|false&#8221; custom_margin_tablet=&#8221;0px||0px||true|false&#8221; custom_margin_phone=&#8221;&#8221; custom_margin_last_edited=&#8221;on|tablet&#8221; global_colors_info=&#8221;{}&#8221;][et_pb_column type=&#8221;2_5&#8243; _builder_version=&#8221;4.16&#8243; _module_preset=&#8221;default&#8221; custom_padding=&#8221;||||false|false&#8221; global_colors_info=&#8221;{}&#8221;][et_pb_text _builder_version=&#8221;4.20.2&#8243; _module_preset=&#8221;default&#8221; header_2_font=&#8221;|700|||||||&#8221; header_2_font_size=&#8221;48px&#8221; header_2_line_height=&#8221;1.2em&#8221; header_2_font_size_tablet=&#8221;30px&#8221; header_2_font_size_phone=&#8221;24px&#8221; header_2_font_size_last_edited=&#8221;on|tablet&#8221; header_2_line_height_tablet=&#8221;1.4em&#8221; header_2_line_height_phone=&#8221;1.5em&#8221; header_2_line_height_last_edited=&#8221;on|tablet&#8221; locked=&#8221;off&#8221; global_colors_info=&#8221;{}&#8221;]<\/p>\n<h2><span>Tootja kohta<\/span><\/h2>\n<p>[\/et_pb_text][et_pb_text _builder_version=&#8221;4.20.2&#8243; _module_preset=&#8221;default&#8221; text_font_size=&#8221;16px&#8221; text_line_height=&#8221;1.8em&#8221; text_font_size_tablet=&#8221;&#8221; text_font_size_phone=&#8221;14px&#8221; text_font_size_last_edited=&#8221;on|phone&#8221; text_line_height_tablet=&#8221;&#8221; text_line_height_phone=&#8221;&#8221; text_line_height_last_edited=&#8221;on|phone&#8221; locked=&#8221;off&#8221; global_colors_info=&#8221;{}&#8221;]<\/p>\n<p style=\"text-align: justify;\"><span data-sheets-value=\"{\"1\":2,\"2\":\"2010. gad\u0101, Katalonij\u0101, ir dibin\u0101ts uz\u0146\u0113mums Synaptik. Uz\u0146\u0113muma komandu veido eksperti ar daudzu gadu pieredzi fleksodruk\u0101. Synaptic ir specializ\u0113jies lamin\u0113\u0161anas p\u0101rkl\u0101juma svara m\u0113r\u012b\u0161anas sist\u0113m\u0101s un ir izstr\u0101d\u0101jis unik\u0101lu iek\u0101rtu gScan. \u0160\u012a iek\u0101rta ir labi paz\u012bstama fleksodrukas profesion\u0101\u013ciem vis\u0101 pasaul\u0113.\"}\" data-sheets-userformat=\"{\"2\":25345,\"3\":{\"1\":0},\"11\":4,\"12\":0,\"16\":12,\"17\":1}\">2010. Synaptik loodi Kataloonias 2010. aastal. Ettev\u00f5tte tiimil on juba mitmeid aastaid fleksotr\u00fckis kogemusi. Synaptic on spetsialiseerunud lamineerimispaberi kaalu m\u00f5\u00f5tes\u00fcsteemides ja on loonud ainulaadse gScan seade. K\u00f5ik fleksotr\u00fcki professionaalid maailmas teavad seda seadet.<\/span><\/p>\n<p>[\/et_pb_text][et_pb_button button_url=&#8221;https:\/\/www.synaptik.cat\/&#8221; url_new_window=&#8221;on&#8221; button_text=&#8221;Tootja koduleht&#8221; button_alignment=&#8221;center&#8221; _builder_version=&#8221;4.20.2&#8243; _module_preset=&#8221;default&#8221; custom_button=&#8221;on&#8221; button_text_size=&#8221;16px&#8221; button_bg_color=&#8221;#063765&#8243; button_border_color=&#8221;rgba(0,0,0,0)&#8221; button_border_radius=&#8221;0px&#8221; button_letter_spacing=&#8221;2px&#8221; button_font=&#8221;|700||on|||||&#8221; button_icon=&#8221;&#x35;||divi||400&#8243; background_layout=&#8221;dark&#8221; custom_padding=&#8221;15px|40px|15px|40px|true|true&#8221; locked=&#8221;off&#8221; global_colors_info=&#8221;{}&#8221; button_bg_color__hover=&#8221;#e12427&#8243; button_bg_color__hover_enabled=&#8221;on|hover&#8221;][\/et_pb_button][\/et_pb_column][et_pb_column type=&#8221;3_5&#8243; _builder_version=&#8221;4.16&#8243; _module_preset=&#8221;default&#8221; custom_padding=&#8221;||||false|false&#8221; global_colors_info=&#8221;{}&#8221;][et_pb_image src=&#8221;https:\/\/mgbaltic.lv\/wp-content\/uploads\/2023\/09\/Synaptic-gScan-MG-Baltic.jpg&#8221; title_text=&#8221;Synaptic gScan &#8211; MG Baltic&#8221; _builder_version=&#8221;4.20.2&#8243; _module_preset=&#8221;default&#8221; width=&#8221;90%&#8221; global_colors_info=&#8221;{}&#8221;][\/et_pb_image][\/et_pb_column][\/et_pb_row][\/et_pb_section]<\/p>\n","protected":false},"excerpt":{"rendered":"<p>Lamineerimise kontrolls\u00fcsteem Me pakume lamineerimise ajal ainulaadset lamineerimispaberi paksuse m\u00f5\u00f5tmise lahendust. Synaptic gScan lamineerimise kontrolls\u00fcsteem on kompaktne ja igasse lamineerimisseadmesse lihtsasti paigaldatav. Seda saab kasutada pol\u00fcretaani p\u00f5hise liimiga, koos lahusega v\u00f5i ilma. L\u00e4bipaistev v\u00f5i l\u00e4bipaistmatu, tr\u00fckitud v\u00f5i metalliga plastik. Tehke oma fleksotr\u00fcki protsess kaasaaegseks ja kiireks, v\u00f5ttes meiega kohe \u00fchendust! Teenusepakkujad, keda esindame, on t\u00f5estanud [&hellip;]<\/p>\n","protected":false},"author":1,"featured_media":0,"parent":0,"menu_order":0,"comment_status":"closed","ping_status":"closed","template":"","meta":{"_et_pb_use_builder":"on","_et_pb_old_content":"","_et_gb_content_width":"","inline_featured_image":false,"footnotes":""},"class_list":["post-1120","page","type-page","status-publish","hentry"],"_links":{"self":[{"href":"https:\/\/mgbaltic.lv\/et\/wp-json\/wp\/v2\/pages\/1120","targetHints":{"allow":["GET"]}}],"collection":[{"href":"https:\/\/mgbaltic.lv\/et\/wp-json\/wp\/v2\/pages"}],"about":[{"href":"https:\/\/mgbaltic.lv\/et\/wp-json\/wp\/v2\/types\/page"}],"author":[{"embeddable":true,"href":"https:\/\/mgbaltic.lv\/et\/wp-json\/wp\/v2\/users\/1"}],"replies":[{"embeddable":true,"href":"https:\/\/mgbaltic.lv\/et\/wp-json\/wp\/v2\/comments?post=1120"}],"version-history":[{"count":2,"href":"https:\/\/mgbaltic.lv\/et\/wp-json\/wp\/v2\/pages\/1120\/revisions"}],"predecessor-version":[{"id":1122,"href":"https:\/\/mgbaltic.lv\/et\/wp-json\/wp\/v2\/pages\/1120\/revisions\/1122"}],"wp:attachment":[{"href":"https:\/\/mgbaltic.lv\/et\/wp-json\/wp\/v2\/media?parent=1120"}],"curies":[{"name":"wp","href":"https:\/\/api.w.org\/{rel}","templated":true}]}}