{"id":1138,"date":"2023-10-05T07:52:34","date_gmt":"2023-10-05T07:52:34","guid":{"rendered":"https:\/\/mgbaltic.lv\/kasutatud-tehnika\/"},"modified":"2023-11-02T11:50:39","modified_gmt":"2023-11-02T11:50:39","slug":"kasutatud-tehnika","status":"publish","type":"page","link":"https:\/\/mgbaltic.lv\/et\/kasutatud-tehnika\/","title":{"rendered":"Kasutatud tehnika"},"content":{"rendered":"<p>[et_pb_section fb_built=&#8221;1&#8243; admin_label=&#8221;Header&#8221; _builder_version=&#8221;4.20.2&#8243; _module_preset=&#8221;default&#8221; background_color=&#8221;#eff2f5&#8243; global_colors_info=&#8221;{}&#8221;][et_pb_row column_structure=&#8221;1_2,1_2&#8243; make_equal=&#8221;on&#8221; _builder_version=&#8221;4.20.2&#8243; _module_preset=&#8221;default&#8221; global_colors_info=&#8221;{}&#8221;][et_pb_column type=&#8221;1_2&#8243; _builder_version=&#8221;4.20.2&#8243; _module_preset=&#8221;default&#8221; global_colors_info=&#8221;{}&#8221;][et_pb_text _builder_version=&#8221;4.20.2&#8243; _module_preset=&#8221;default&#8221; text_font_size=&#8221;18px&#8221; text_line_height=&#8221;1.8em&#8221; header_font=&#8221;|700|||||||&#8221; header_font_size=&#8221;45px&#8221; header_line_height=&#8221;1.2em&#8221; custom_margin=&#8221;||||false|false&#8221; text_font_size_tablet=&#8221;16px&#8221; text_font_size_phone=&#8221;14px&#8221; text_font_size_last_edited=&#8221;on|phone&#8221; header_font_size_tablet=&#8221;48px&#8221; header_font_size_phone=&#8221;32px&#8221; header_font_size_last_edited=&#8221;on|phone&#8221; header_line_height_tablet=&#8221;&#8221; header_line_height_phone=&#8221;1.4em&#8221; header_line_height_last_edited=&#8221;on|phone&#8221; locked=&#8221;off&#8221; global_colors_info=&#8221;{}&#8221;]<\/p>\n<h1>Kasutatud tehnika<\/h1>\n<p>Me pakume, et leiame ja ostame kasutatud fleksotr\u00fcki varustust enne t\u00f6\u00f6tlemist ja tr\u00fckiprotsessi.<\/p>\n<p>[\/et_pb_text][et_pb_button button_text=&#8221;V\u00f5tke meiega \u00fchendust&#8221; button_alignment=&#8221;left&#8221; _builder_version=&#8221;4.20.2&#8243; _module_preset=&#8221;default&#8221; custom_button=&#8221;on&#8221; button_text_size=&#8221;16px&#8221; button_bg_color=&#8221;#063765&#8243; button_border_color=&#8221;rgba(0,0,0,0)&#8221; button_border_radius=&#8221;0px&#8221; button_font=&#8221;|700||on|||||&#8221; button_icon=&#8221;&#x35;||divi||400&#8243; background_layout=&#8221;dark&#8221; custom_padding=&#8221;15px|40px|15px|40px|true|true&#8221; hover_enabled=&#8221;0&#8243; locked=&#8221;off&#8221; global_colors_info=&#8221;{}&#8221; button_bg_color__hover_enabled=&#8221;on|hover&#8221; button_bg_color__hover=&#8221;#e12427&#8243; button_bg_enable_color__hover=&#8221;on&#8221; button_url=&#8221;@ET-DC@eyJkeW5hbWljIjp0cnVlLCJjb250ZW50IjoicG9zdF9saW5rX3VybF9wYWdlIiwic2V0dGluZ3MiOnsicG9zdF9pZCI6IjUwMCJ9fQ==@&#8221; _dynamic_attributes=&#8221;button_url&#8221; sticky_enabled=&#8221;0&#8243;][\/et_pb_button][\/et_pb_column][et_pb_column type=&#8221;1_2&#8243; _builder_version=&#8221;4.20.2&#8243; _module_preset=&#8221;default&#8221; global_colors_info=&#8221;{}&#8221;][et_pb_image src=&#8221;https:\/\/mgbaltic.lv\/wp-content\/uploads\/2023\/10\/Flexo-Wash-mazgasanas-iekartas-MG-Baltic-6.jpg&#8221; title_text=&#8221;Flexo Wash mazg\u0101\u0161anas iek\u0101rtas &#8211; MG Baltic &#8211; 6&#8243; force_fullwidth=&#8221;on&#8221; _builder_version=&#8221;4.20.2&#8243; _module_preset=&#8221;default&#8221; z_index=&#8221;1&#8243; module_alignment=&#8221;right&#8221; custom_margin_tablet=&#8221;0px||||false|false&#8221; custom_margin_last_edited=&#8221;off|desktop&#8221; hover_enabled=&#8221;0&#8243; global_colors_info=&#8221;{}&#8221; sticky_enabled=&#8221;0&#8243;][\/et_pb_image][\/et_pb_column][\/et_pb_row][\/et_pb_section][et_pb_section fb_built=&#8221;1&#8243; admin_label=&#8221;Feature&#8221; _builder_version=&#8221;4.20.2&#8243; _module_preset=&#8221;default&#8221; background_size=&#8221;initial&#8221; hover_enabled=&#8221;0&#8243; global_colors_info=&#8221;{}&#8221; title_text=&#8221;acupuncture-82-1&#8243; sticky_enabled=&#8221;0&#8243; background_enable_image=&#8221;off&#8221;][et_pb_row column_structure=&#8221;2_5,3_5&#8243; _builder_version=&#8221;4.20.2&#8243; _module_preset=&#8221;default&#8221; custom_margin=&#8221;50px||50px||true|false&#8221; custom_margin_tablet=&#8221;0px||0px||true|false&#8221; custom_margin_phone=&#8221;&#8221; custom_margin_last_edited=&#8221;on|tablet&#8221; hover_enabled=&#8221;0&#8243; global_colors_info=&#8221;{}&#8221; sticky_enabled=&#8221;0&#8243;][et_pb_column type=&#8221;2_5&#8243; _builder_version=&#8221;4.20.2&#8243; _module_preset=&#8221;default&#8221; custom_padding=&#8221;||||false|false&#8221; global_colors_info=&#8221;{}&#8221;][et_pb_text _builder_version=&#8221;4.20.2&#8243; _module_preset=&#8221;default&#8221; header_2_font=&#8221;|700|||||||&#8221; header_2_font_size=&#8221;48px&#8221; header_2_line_height=&#8221;1.2em&#8221; hover_enabled=&#8221;0&#8243; header_2_font_size_tablet=&#8221;30px&#8221; header_2_font_size_phone=&#8221;24px&#8221; header_2_font_size_last_edited=&#8221;on|tablet&#8221; header_2_line_height_tablet=&#8221;1.4em&#8221; header_2_line_height_phone=&#8221;1.5em&#8221; header_2_line_height_last_edited=&#8221;on|tablet&#8221; locked=&#8221;off&#8221; global_colors_info=&#8221;{}&#8221; sticky_enabled=&#8221;0&#8243; custom_margin=&#8221;200px||||false|false&#8221;]<\/p>\n<h2><span>Meie kohta<\/span><\/h2>\n<p>[\/et_pb_text][et_pb_text _builder_version=&#8221;4.20.2&#8243; _module_preset=&#8221;default&#8221; text_font_size=&#8221;16px&#8221; text_line_height=&#8221;1.8em&#8221; text_font_size_tablet=&#8221;&#8221; text_font_size_phone=&#8221;14px&#8221; text_font_size_last_edited=&#8221;on|phone&#8221; text_line_height_tablet=&#8221;&#8221; text_line_height_phone=&#8221;&#8221; text_line_height_last_edited=&#8221;on|phone&#8221; locked=&#8221;off&#8221; global_colors_info=&#8221;{}&#8221;]<\/p>\n<p style=\"text-align: justify\"><span>Me oleme peaaegu 20 aastat pakkunud L\u00e4ti fleksotr\u00fcki ettev\u00f5tetele k\u00f5rgkvaliteetseid tooteid ja laia teenuste valikut. Nende aastate jooksul oleme leidnud mitmeid kliente ja loonud maailmas palju fleksotr\u00fcki lahenduse tootmisettev\u00f5tteid. Me v\u00f5ime pakkuda fleksotr\u00fcki eelt\u00f6\u00f6tluse protsesside jaoks nii uusi kui ka kasutatud seadmeid. <\/span><\/p>\n<p>[\/et_pb_text][et_pb_button button_url=&#8221;@ET-DC@eyJkeW5hbWljIjp0cnVlLCJjb250ZW50IjoicG9zdF9saW5rX3VybF9wYWdlIiwic2V0dGluZ3MiOnsicG9zdF9pZCI6IjE1MCJ9fQ==@&#8221; url_new_window=&#8221;on&#8221; button_text=&#8221;Lugege rohkem&#8221; button_alignment=&#8221;left&#8221; _builder_version=&#8221;4.20.2&#8243; _dynamic_attributes=&#8221;button_url&#8221; _module_preset=&#8221;default&#8221; custom_button=&#8221;on&#8221; button_text_size=&#8221;16px&#8221; button_bg_color=&#8221;#063765&#8243; button_border_color=&#8221;rgba(0,0,0,0)&#8221; button_border_radius=&#8221;0px&#8221; button_letter_spacing=&#8221;2px&#8221; button_font=&#8221;|700||on|||||&#8221; button_icon=&#8221;&#x35;||divi||400&#8243; background_layout=&#8221;dark&#8221; custom_padding=&#8221;15px|40px|15px|40px|true|true&#8221; hover_enabled=&#8221;0&#8243; locked=&#8221;off&#8221; global_colors_info=&#8221;{}&#8221; button_bg_color__hover=&#8221;#e12427&#8243; button_bg_color__hover_enabled=&#8221;on|hover&#8221; sticky_enabled=&#8221;0&#8243;][\/et_pb_button][et_pb_image src=&#8221;https:\/\/mgbaltic.lv\/wp-content\/uploads\/2023\/04\/acupuncture-20.png&#8221; title_text=&#8221;acupuncture-20&#8243; _builder_version=&#8221;4.20.2&#8243; _module_preset=&#8221;default&#8221; positioning=&#8221;absolute&#8221; width=&#8221;100%&#8221; custom_margin=&#8221;||-180px||false|false&#8221; filter_contrast=&#8221;9%&#8221; hover_enabled=&#8221;0&#8243; locked=&#8221;off&#8221; global_colors_info=&#8221;{}&#8221; sticky_enabled=&#8221;0&#8243;][\/et_pb_image][\/et_pb_column][et_pb_column type=&#8221;3_5&#8243; _builder_version=&#8221;4.20.2&#8243; _module_preset=&#8221;default&#8221; background_color=&#8221;#063664&#8243; transform_translate_linked=&#8221;off&#8221; custom_padding=&#8221;30px|30px|30px|30px|true|true&#8221; global_colors_info=&#8221;{}&#8221;][et_pb_contact_form captcha=&#8221;off&#8221; email=&#8221;janis.plavins@mgbaltic.lv&#8221; title=&#8221;V\u00f5tke meiega \u00fchendust&#8221; use_redirect=&#8221;on&#8221; redirect_url=&#8221;https:\/\/mgbaltic.lv\/et\/aitah\/&#8221; submit_button_text=&#8221;Saada s\u00f5num&#8221; _builder_version=&#8221;4.20.2&#8243; _module_preset=&#8221;default&#8221; form_field_background_color=&#8221;#ffffff&#8221; form_field_text_color=&#8221;666&#8243; title_font=&#8221;Unna|700|||||||&#8221; title_text_color=&#8221;#FFFFFF&#8221; title_font_size=&#8221;48px&#8221; title_line_height=&#8221;1.2em&#8221; form_field_font_size=&#8221;16px&#8221; form_field_line_height=&#8221;1.8em&#8221; custom_button=&#8221;on&#8221; button_text_size=&#8221;16px&#8221; button_text_color=&#8221;#063765&#8243; button_bg_color=&#8221;#FFFFFF&#8221; button_border_color=&#8221;rgba(0,0,0,0)&#8221; button_border_radius=&#8221;0px&#8221; button_font=&#8221;|700||on|||||&#8221; button_icon=&#8221;&#x35;||divi||400&#8243; button_custom_margin=&#8221;10px||||false|false&#8221; button_custom_padding=&#8221;12px|40px|12px|40px|true|true&#8221; title_font_size_tablet=&#8221;30px&#8221; title_font_size_phone=&#8221;24px&#8221; title_font_size_last_edited=&#8221;on|phone&#8221; title_line_height_tablet=&#8221;1.4em&#8221; title_line_height_phone=&#8221;1.5em&#8221; title_line_height_last_edited=&#8221;on|phone&#8221; border_color_all=&#8221;rgba(255,255,255,0.2)&#8221; border_width_bottom=&#8221;1px&#8221; locked=&#8221;off&#8221; global_colors_info=&#8221;{}&#8221; button_bg_color__hover_enabled=&#8221;on|hover&#8221; button_bg_color__hover=&#8221;#E12427&#8243; button_text_color__hover_enabled=&#8221;on|hover&#8221; button_text_color__hover=&#8221;#FFFFFF&#8221; button_bg_enable_color__hover=&#8221;on&#8221;][et_pb_contact_field field_id=&#8221;Name&#8221; field_title=&#8221;Nimi&#8221; fullwidth_field=&#8221;on&#8221; _builder_version=&#8221;4.20.0&#8243; global_colors_info=&#8221;{}&#8221; button_text_size__hover_enabled=&#8221;off&#8221; button_one_text_size__hover_enabled=&#8221;off&#8221; button_two_text_size__hover_enabled=&#8221;off&#8221; button_text_color__hover_enabled=&#8221;off&#8221; button_one_text_color__hover_enabled=&#8221;off&#8221; button_two_text_color__hover_enabled=&#8221;off&#8221; button_border_width__hover_enabled=&#8221;off&#8221; button_one_border_width__hover_enabled=&#8221;off&#8221; button_two_border_width__hover_enabled=&#8221;off&#8221; button_border_color__hover_enabled=&#8221;off&#8221; button_one_border_color__hover_enabled=&#8221;off&#8221; button_two_border_color__hover_enabled=&#8221;off&#8221; button_border_radius__hover_enabled=&#8221;off&#8221; button_one_border_radius__hover_enabled=&#8221;off&#8221; button_two_border_radius__hover_enabled=&#8221;off&#8221; button_letter_spacing__hover_enabled=&#8221;off&#8221; button_one_letter_spacing__hover_enabled=&#8221;off&#8221; button_two_letter_spacing__hover_enabled=&#8221;off&#8221; button_bg_color__hover_enabled=&#8221;off&#8221; button_one_bg_color__hover_enabled=&#8221;off&#8221; button_two_bg_color__hover_enabled=&#8221;off&#8221;][\/et_pb_contact_field][et_pb_contact_field field_id=&#8221;Email&#8221; field_title=&#8221;E-kiri&#8221; field_type=&#8221;email&#8221; fullwidth_field=&#8221;on&#8221; _builder_version=&#8221;4.20.0&#8243; global_colors_info=&#8221;{}&#8221; button_text_size__hover_enabled=&#8221;off&#8221; button_one_text_size__hover_enabled=&#8221;off&#8221; button_two_text_size__hover_enabled=&#8221;off&#8221; button_text_color__hover_enabled=&#8221;off&#8221; button_one_text_color__hover_enabled=&#8221;off&#8221; button_two_text_color__hover_enabled=&#8221;off&#8221; button_border_width__hover_enabled=&#8221;off&#8221; button_one_border_width__hover_enabled=&#8221;off&#8221; button_two_border_width__hover_enabled=&#8221;off&#8221; button_border_color__hover_enabled=&#8221;off&#8221; button_one_border_color__hover_enabled=&#8221;off&#8221; button_two_border_color__hover_enabled=&#8221;off&#8221; button_border_radius__hover_enabled=&#8221;off&#8221; button_one_border_radius__hover_enabled=&#8221;off&#8221; button_two_border_radius__hover_enabled=&#8221;off&#8221; button_letter_spacing__hover_enabled=&#8221;off&#8221; button_one_letter_spacing__hover_enabled=&#8221;off&#8221; button_two_letter_spacing__hover_enabled=&#8221;off&#8221; button_bg_color__hover_enabled=&#8221;off&#8221; button_one_bg_color__hover_enabled=&#8221;off&#8221; button_two_bg_color__hover_enabled=&#8221;off&#8221;][\/et_pb_contact_field][et_pb_contact_field field_id=&#8221;Message&#8221; field_title=&#8221;Teie s\u00f5num&#8221; field_type=&#8221;text&#8221; fullwidth_field=&#8221;on&#8221; _builder_version=&#8221;4.20.0&#8243; global_colors_info=&#8221;{}&#8221; button_text_size__hover_enabled=&#8221;off&#8221; button_one_text_size__hover_enabled=&#8221;off&#8221; button_two_text_size__hover_enabled=&#8221;off&#8221; button_text_color__hover_enabled=&#8221;off&#8221; button_one_text_color__hover_enabled=&#8221;off&#8221; button_two_text_color__hover_enabled=&#8221;off&#8221; button_border_width__hover_enabled=&#8221;off&#8221; button_one_border_width__hover_enabled=&#8221;off&#8221; button_two_border_width__hover_enabled=&#8221;off&#8221; button_border_color__hover_enabled=&#8221;off&#8221; button_one_border_color__hover_enabled=&#8221;off&#8221; button_two_border_color__hover_enabled=&#8221;off&#8221; button_border_radius__hover_enabled=&#8221;off&#8221; button_one_border_radius__hover_enabled=&#8221;off&#8221; button_two_border_radius__hover_enabled=&#8221;off&#8221; button_letter_spacing__hover_enabled=&#8221;off&#8221; button_one_letter_spacing__hover_enabled=&#8221;off&#8221; button_two_letter_spacing__hover_enabled=&#8221;off&#8221; button_bg_color__hover_enabled=&#8221;off&#8221; button_one_bg_color__hover_enabled=&#8221;off&#8221; button_two_bg_color__hover_enabled=&#8221;off&#8221;][\/et_pb_contact_field][\/et_pb_contact_form][\/et_pb_column][\/et_pb_row][\/et_pb_section]<\/p>\n","protected":false},"excerpt":{"rendered":"<p>Kasutatud tehnika Me pakume, et leiame ja ostame kasutatud fleksotr\u00fcki varustust enne t\u00f6\u00f6tlemist ja tr\u00fckiprotsessi.Meie kohtaMe oleme peaaegu 20 aastat pakkunud L\u00e4ti fleksotr\u00fcki ettev\u00f5tetele k\u00f5rgkvaliteetseid tooteid ja laia teenuste valikut. Nende aastate jooksul oleme leidnud mitmeid kliente ja loonud maailmas palju fleksotr\u00fcki lahenduse tootmisettev\u00f5tteid. Me v\u00f5ime pakkuda fleksotr\u00fcki eelt\u00f6\u00f6tluse protsesside jaoks nii uusi kui ka [&hellip;]<\/p>\n","protected":false},"author":1,"featured_media":0,"parent":0,"menu_order":0,"comment_status":"closed","ping_status":"closed","template":"","meta":{"_et_pb_use_builder":"on","_et_pb_old_content":"","_et_gb_content_width":"","inline_featured_image":false,"footnotes":""},"class_list":["post-1138","page","type-page","status-publish","hentry"],"_links":{"self":[{"href":"https:\/\/mgbaltic.lv\/et\/wp-json\/wp\/v2\/pages\/1138","targetHints":{"allow":["GET"]}}],"collection":[{"href":"https:\/\/mgbaltic.lv\/et\/wp-json\/wp\/v2\/pages"}],"about":[{"href":"https:\/\/mgbaltic.lv\/et\/wp-json\/wp\/v2\/types\/page"}],"author":[{"embeddable":true,"href":"https:\/\/mgbaltic.lv\/et\/wp-json\/wp\/v2\/users\/1"}],"replies":[{"embeddable":true,"href":"https:\/\/mgbaltic.lv\/et\/wp-json\/wp\/v2\/comments?post=1138"}],"version-history":[{"count":3,"href":"https:\/\/mgbaltic.lv\/et\/wp-json\/wp\/v2\/pages\/1138\/revisions"}],"predecessor-version":[{"id":1166,"href":"https:\/\/mgbaltic.lv\/et\/wp-json\/wp\/v2\/pages\/1138\/revisions\/1166"}],"wp:attachment":[{"href":"https:\/\/mgbaltic.lv\/et\/wp-json\/wp\/v2\/media?parent=1138"}],"curies":[{"name":"wp","href":"https:\/\/api.w.org\/{rel}","templated":true}]}}