{"id":1234,"date":"2023-03-03T06:49:54","date_gmt":"2023-03-03T06:49:54","guid":{"rendered":"https:\/\/mgbaltic.lv\/privaatsuspoliitika\/"},"modified":"2023-11-02T13:28:32","modified_gmt":"2023-11-02T13:28:32","slug":"privaatsuspoliitika","status":"publish","type":"page","link":"https:\/\/mgbaltic.lv\/et\/privaatsuspoliitika\/","title":{"rendered":"Privaatsuspoliitika"},"content":{"rendered":"<p>[et_pb_section fb_built=&#8221;1&#8243; admin_label=&#8221;Header&#8221; _builder_version=&#8221;4.20.2&#8243; _module_preset=&#8221;default&#8221; background_color=&#8221;#063765&#8243; background_image=&#8221;https:\/\/mgbaltic.lv\/wp-content\/uploads\/2023\/04\/acupuncture-78.png&#8221; background_size=&#8221;initial&#8221; background_position=&#8221;bottom_left&#8221; overflow-x=&#8221;hidden&#8221; custom_padding=&#8221;||||false|false&#8221; global_colors_info=&#8221;{}&#8221; theme_builder_area=&#8221;post_content&#8221;][et_pb_row _builder_version=&#8221;4.20.2&#8243; _module_preset=&#8221;default&#8221; global_colors_info=&#8221;{}&#8221; theme_builder_area=&#8221;post_content&#8221;][et_pb_column type=&#8221;4_4&#8243; _builder_version=&#8221;4.20.2&#8243; _module_preset=&#8221;default&#8221; custom_padding=&#8221;0px||0px||false|false&#8221; global_colors_info=&#8221;{}&#8221; theme_builder_area=&#8221;post_content&#8221;][et_pb_text _builder_version=&#8221;4.20.2&#8243; _module_preset=&#8221;default&#8221; text_font_size=&#8221;18px&#8221; text_line_height=&#8221;1.8em&#8221; header_font=&#8221;Unna|700|||||||&#8221; header_font_size=&#8221;68px&#8221; header_line_height=&#8221;1.2em&#8221; z_index=&#8221;10&#8243; background_layout=&#8221;dark&#8221; module_alignment=&#8221;left&#8221; hover_enabled=&#8221;0&#8243; text_font_size_tablet=&#8221;16px&#8221; text_font_size_phone=&#8221;14px&#8221; text_font_size_last_edited=&#8221;on|phone&#8221; header_font_size_tablet=&#8221;48px&#8221; header_font_size_phone=&#8221;32px&#8221; header_font_size_last_edited=&#8221;on|phone&#8221; header_line_height_tablet=&#8221;&#8221; header_line_height_phone=&#8221;1.4em&#8221; header_line_height_last_edited=&#8221;on|phone&#8221; locked=&#8221;off&#8221; global_colors_info=&#8221;{}&#8221; theme_builder_area=&#8221;post_content&#8221; sticky_enabled=&#8221;0&#8243;]<\/p>\n<h1>Privaatsuspoliitika<\/h1>\n<p>[\/et_pb_text][\/et_pb_column][\/et_pb_row][\/et_pb_section][et_pb_section fb_built=&#8221;1&#8243; admin_label=&#8221;Details&#8221; _builder_version=&#8221;4.16&#8243; _module_preset=&#8221;default&#8221; locked=&#8221;off&#8221; global_colors_info=&#8221;{}&#8221; theme_builder_area=&#8221;post_content&#8221;][et_pb_row _builder_version=&#8221;4.20.2&#8243; _module_preset=&#8221;default&#8221; hover_enabled=&#8221;0&#8243; global_colors_info=&#8221;{}&#8221; theme_builder_area=&#8221;post_content&#8221; custom_padding=&#8221;||0px||false|false&#8221; sticky_enabled=&#8221;0&#8243;][et_pb_column type=&#8221;4_4&#8243; _builder_version=&#8221;4.20.2&#8243; _module_preset=&#8221;default&#8221; global_colors_info=&#8221;{}&#8221; theme_builder_area=&#8221;post_content&#8221;][et_pb_text _builder_version=&#8221;4.20.2&#8243; _module_preset=&#8221;default&#8221; header_2_font=&#8221;Unna|700|||||||&#8221; header_2_font_size=&#8221;48px&#8221; header_2_line_height=&#8221;1.2em&#8221; hover_enabled=&#8221;0&#8243; header_2_font_size_tablet=&#8221;30px&#8221; header_2_font_size_phone=&#8221;24px&#8221; header_2_font_size_last_edited=&#8221;on|tablet&#8221; header_2_line_height_tablet=&#8221;1.4em&#8221; header_2_line_height_phone=&#8221;1.5em&#8221; header_2_line_height_last_edited=&#8221;on|tablet&#8221; locked=&#8221;off&#8221; global_colors_info=&#8221;{}&#8221; theme_builder_area=&#8221;post_content&#8221; sticky_enabled=&#8221;0&#8243;]<\/p>\n<h2><span>Datu Dro\u0161\u012bba un Priv\u0101tuma un s\u012bkdat\u0146u politika<\/span><\/h2>\n<p>[\/et_pb_text][et_pb_text _builder_version=&#8221;4.20.2&#8243; _module_preset=&#8221;default&#8221; text_font_size=&#8221;16px&#8221; text_line_height=&#8221;1.8em&#8221; custom_margin=&#8221;||0px||false|false&#8221; hover_enabled=&#8221;0&#8243; text_font_size_tablet=&#8221;&#8221; text_font_size_phone=&#8221;14px&#8221; text_font_size_last_edited=&#8221;on|phone&#8221; text_line_height_tablet=&#8221;&#8221; text_line_height_phone=&#8221;&#8221; text_line_height_last_edited=&#8221;on|phone&#8221; locked=&#8221;off&#8221; global_colors_info=&#8221;{}&#8221; theme_builder_area=&#8221;post_content&#8221; custom_padding=&#8221;||0px||false|false&#8221; sticky_enabled=&#8221;0&#8243;]<\/p>\n<p style=\"text-align: justify;\">MG Baltic loodi 2005. aastal ja see oli Baltikumis Miller Graphicu esindaja. Selle ajaga oleme n\u00e4inud vaeva, et teha koost\u00f6\u00f6d teiste ettev\u00f5tetega, kes toodavad k\u00f5rgkvaliteetseid fleksotr\u00fcki eelt\u00f6\u00f6tluse tooteid. T\u00e4na teevad meie tooted ja esindatavad ettev\u00f5tted meist tugevaima ettev\u00f5tte, mis spetsialiseerub fleksotr\u00fcki eelt\u00f6\u00f6tluse materjalide ja masinate t\u00f6\u00f6stuses. Me pakume rasterrulle, monteerimis\u00fcmbriseid, tr\u00fckivorme, puhastustarvikuid ja kemikaale, sisendeid, kleeplinte, lamineerimise kontrolls\u00fcsteeme ja liitekohtadeta tr\u00fcki\u00fcmbriseid.<\/p>\n<p style=\"text-align: justify;\">[\/et_pb_text][\/et_pb_column][\/et_pb_row][et_pb_row _builder_version=&#8221;4.20.2&#8243; _module_preset=&#8221;default&#8221; hover_enabled=&#8221;0&#8243; global_colors_info=&#8221;{}&#8221; theme_builder_area=&#8221;post_content&#8221; custom_margin=&#8221;0px||0px||false|false&#8221; custom_padding=&#8221;0px||0px||false|false&#8221; sticky_enabled=&#8221;0&#8243;][et_pb_column type=&#8221;4_4&#8243; _builder_version=&#8221;4.20.2&#8243; _module_preset=&#8221;default&#8221; global_colors_info=&#8221;{}&#8221; theme_builder_area=&#8221;post_content&#8221;][et_pb_text _builder_version=&#8221;4.20.2&#8243; _module_preset=&#8221;default&#8221; header_2_font=&#8221;Unna|700|||||||&#8221; header_2_font_size=&#8221;48px&#8221; header_2_line_height=&#8221;1.2em&#8221; hover_enabled=&#8221;0&#8243; header_2_font_size_tablet=&#8221;30px&#8221; header_2_font_size_phone=&#8221;24px&#8221; header_2_font_size_last_edited=&#8221;on|tablet&#8221; header_2_line_height_tablet=&#8221;1.4em&#8221; header_2_line_height_phone=&#8221;1.5em&#8221; header_2_line_height_last_edited=&#8221;on|tablet&#8221; locked=&#8221;off&#8221; global_colors_info=&#8221;{}&#8221; theme_builder_area=&#8221;post_content&#8221; sticky_enabled=&#8221;0&#8243; header_3_font=&#8221;Unna|700|||||||&#8221; header_3_font_size=&#8221;30px&#8221; custom_padding=&#8221;||0px||false|false&#8221; custom_margin=&#8221;||0px||false|false&#8221;]<\/p>\n<h3><span>Meie ettev\u00f5tte kogutud teave ja selle kasutamise eesm\u00e4rgid.<\/span><\/h3>\n<p>[\/et_pb_text][et_pb_text _builder_version=&#8221;4.20.2&#8243; _module_preset=&#8221;default&#8221; text_font_size=&#8221;16px&#8221; text_line_height=&#8221;1.8em&#8221; custom_margin=&#8221;||0px||false|false&#8221; hover_enabled=&#8221;0&#8243; text_font_size_tablet=&#8221;&#8221; text_font_size_phone=&#8221;14px&#8221; text_font_size_last_edited=&#8221;on|phone&#8221; text_line_height_tablet=&#8221;&#8221; text_line_height_phone=&#8221;&#8221; text_line_height_last_edited=&#8221;on|phone&#8221; locked=&#8221;off&#8221; global_colors_info=&#8221;{}&#8221; theme_builder_area=&#8221;post_content&#8221; custom_padding=&#8221;||0px||false|false&#8221; sticky_enabled=&#8221;0&#8243;]<\/p>\n<p>Kogume teavet k\u00fclastajatelt, kes t\u00e4idavad meie veebisaidil taotlusvorme konsultatsioonide v\u00f5i uudiste saamiseks. Samuti kogutakse kogu veebivestlustes mainitud teave. Isikuandmeid kogutakse ainult selleks, et \u00fcks meie meeskonnaliikmetest saaks k\u00f5nealuse isikuga \u00fchendust v\u00f5tta. Puuduvad tingimused, mille alusel seda teavet kolmandatele isikutele edastataks. Vastavalt ei m\u00fc\u00fc, rendi ega laena valdaja SIA MG Baltic oma nimekirju ega klientide kontaktide loendeid (v\u00f5i andmeid nendest nimekirjadest) kolmandatele isikutele.<\/p>\n<p>Isikuandmete klassifitseerimine ei tohi piirduda: ees, perekonnanime, elukutse, riigi, e-posti aadressi, telefoninumbri ja muude isikuandmetega, mille k\u00fclastaja on k\u00fcsimuse vormis sisestanud. Teenused saidil <a href=\"https:\/\/app.flowmapp.com\/projects\/6f4bc575-1c04-49a6-9274-3c31f14f025f\/sitemap\/mgbaltic.lv\" rel=\"noopener noreferrer\" target=\"_blank\">mgbaltic.lv<\/a> sobivad nii juriidilistele isikutele kui ka eraisikutele. Kui olete j\u00e4tnud meile oma kontaktandmed, sealhulgas isikuandmed, saame seda teavet kasutada seaduslikel eesm\u00e4rkidel, n\u00e4iteks:<\/p>\n<p>1. Teiega suhtlemine posti teel;<\/p>\n<p>2. E-kirja saatmiseks;<\/p>\n<p>3. Suhtlemiseks helistamine m\u00e4\u00e4ratud telefoninumbril<\/p>\n<p>4. Suhtlemiseks muul Teie poolt m\u00e4\u00e4ratud viisil<\/p>\n<p>Selle suhtluse eesm\u00e4rk v\u00f5ib olla seotud teie poolt turunduseesm\u00e4rkidel taotletud teabe v\u00f5i muu sisuga, mis parandaks meie vastastikust arusaamist seotud k\u00fcsimustest.<\/p>\n<p>[\/et_pb_text][\/et_pb_column][\/et_pb_row][et_pb_row _builder_version=&#8221;4.20.2&#8243; _module_preset=&#8221;default&#8221; hover_enabled=&#8221;0&#8243; global_colors_info=&#8221;{}&#8221; theme_builder_area=&#8221;post_content&#8221; custom_margin=&#8221;0px||0px||false|false&#8221; custom_padding=&#8221;0px||0px||false|false&#8221; sticky_enabled=&#8221;0&#8243;][et_pb_column type=&#8221;4_4&#8243; _builder_version=&#8221;4.20.2&#8243; _module_preset=&#8221;default&#8221; global_colors_info=&#8221;{}&#8221; theme_builder_area=&#8221;post_content&#8221;][et_pb_text _builder_version=&#8221;4.20.2&#8243; _module_preset=&#8221;default&#8221; header_2_font=&#8221;Unna|700|||||||&#8221; header_2_font_size=&#8221;48px&#8221; header_2_line_height=&#8221;1.2em&#8221; hover_enabled=&#8221;0&#8243; header_2_font_size_tablet=&#8221;30px&#8221; header_2_font_size_phone=&#8221;24px&#8221; header_2_font_size_last_edited=&#8221;on|tablet&#8221; header_2_line_height_tablet=&#8221;1.4em&#8221; header_2_line_height_phone=&#8221;1.5em&#8221; header_2_line_height_last_edited=&#8221;on|tablet&#8221; locked=&#8221;off&#8221; global_colors_info=&#8221;{}&#8221; theme_builder_area=&#8221;post_content&#8221; sticky_enabled=&#8221;0&#8243; header_3_font=&#8221;Unna|700|||||||&#8221; header_3_font_size=&#8221;30px&#8221; custom_padding=&#8221;||0px||false|false&#8221; custom_margin=&#8221;||0px||false|false&#8221;]<\/p>\n<h3><span>K\u00fcpsised ja nende kasutamine<\/span><\/h3>\n<p>[\/et_pb_text][et_pb_text _builder_version=&#8221;4.20.2&#8243; _module_preset=&#8221;default&#8221; text_font_size=&#8221;16px&#8221; text_line_height=&#8221;1.8em&#8221; custom_margin=&#8221;||0px||false|false&#8221; hover_enabled=&#8221;0&#8243; text_font_size_tablet=&#8221;&#8221; text_font_size_phone=&#8221;14px&#8221; text_font_size_last_edited=&#8221;on|phone&#8221; text_line_height_tablet=&#8221;&#8221; text_line_height_phone=&#8221;&#8221; text_line_height_last_edited=&#8221;on|phone&#8221; locked=&#8221;off&#8221; global_colors_info=&#8221;{}&#8221; theme_builder_area=&#8221;post_content&#8221; custom_padding=&#8221;||0px||false|false&#8221; sticky_enabled=&#8221;0&#8243;]<\/p>\n<p>Mis on k\u00fcpsised? K\u00fcpsised on v\u00e4ikesed teabekogused, mis salvestatakse veebisaidi k\u00fclastamisel teie arvuti, tahvelarvuti v\u00f5i mobiilseadme brauserisse. P\u00e4rast seda saadetakse k\u00fcpsised igal j\u00e4rgneval k\u00fclastusel tagasi veebisaidile, mis need l\u00f5i, v\u00f5i teisele veebisaidile, mis k\u00fcpsise \u00e4ra tunneb. K\u00fcpsiste kohta lisateabe saamiseks vaadake <a href=\"http:\/\/www.allaboutcookies.org\/\" rel=\"noopener noreferrer\" target=\"_blank\">siit.<\/a> Meie privaatsuspoliitika kehtib k\u00fcpsiste ja sarnaste tehnoloogiate kohta.<\/p>\n<p>Meie veebisait kasutab j\u00e4rgmisi k\u00fcpsiseid:<\/p>\n<p>[\/et_pb_text][et_pb_text _builder_version=&#8221;4.20.2&#8243; _module_preset=&#8221;default&#8221; text_font_size=&#8221;16px&#8221; text_line_height=&#8221;1.8em&#8221; custom_margin=&#8221;||0px||false|false&#8221; hover_enabled=&#8221;0&#8243; text_font_size_tablet=&#8221;&#8221; text_font_size_phone=&#8221;14px&#8221; text_font_size_last_edited=&#8221;on|phone&#8221; text_line_height_tablet=&#8221;&#8221; text_line_height_phone=&#8221;&#8221; text_line_height_last_edited=&#8221;on|phone&#8221; locked=&#8221;off&#8221; global_colors_info=&#8221;{}&#8221; theme_builder_area=&#8221;post_content&#8221; custom_padding=&#8221;||0px||false|false&#8221; sticky_enabled=&#8221;0&#8243;]<\/p>\n<p><strong>Tehnilised k\u00fcpsised<\/strong><\/p>\n<p>P\u00fc\u00fcame pakkuda oma kasutajatele t\u00e4iustatud ja kasutajas\u00f5bralikku veebisaiti, mis kohandub automaatselt kasutaja vajaduste ja eelistustega. Selle eesm\u00e4rgi saavutamiseks kasutame tehnilisi k\u00fcpsiseid, et n\u00e4idata teile oma veebisaiti, et see korralikult t\u00f6\u00f6taks. Vastavalt on need k\u00fcpsised kindlasti vajalikud meie veebisaidi n\u00f5uetekohaseks toimimiseks.<\/p>\n<p><strong>Funktsionaalsed k\u00fcpsised<\/strong><\/p>\n<p><span>Samuti kasutame funktsionaalseid k\u00fcpsiseid, et j\u00e4tta meelde teie valikud ja aidata teil meie veebisaiti v\u00f5imalikult produktiivselt kasutada, n\u00e4iteks j\u00e4ttes meelde teie valitud teenuse. Need funktsionaalsed k\u00fcpsised ei ole meie veebisaidi n\u00f5uetekohaseks toimimiseks tingimata vajalikud, kuid need on teile kui kasutajale lisaks kasulikud, kuna need parandavad teie kasutuskogemust.<\/span><\/p>\n<p><strong>Anal\u00fc\u00fctilised k\u00fcpsised<\/strong><\/p>\n<p>Me kasutame neid k\u00fcpsiseid, et saada \u00fclevaade sellest, kuidas meie kasutajad veebisaiti kasutavad, saada teada, mis t\u00f6\u00f6tab ja mis mitte, optimeerida ja t\u00e4iustada veebisaiti ning tagada, et kasutajatele pakutav toode j\u00e4\u00e4ks huvitavaks ja asjakohaseks. Salvestame selliseid andmeid nagu teie vaadatavad kodulehed, lehed, millele viitate \/ kust lahkute, kust tulite ja kuhu vaatasite, kasutatava platvormi t\u00fc\u00fcp, kuup\u00e4eva\/kellaaja teave ja teave teie kl\u00f5psude arvu kohta. arvutihiir vastaval lehel, hiire liigutused, kerimisliigutused, teie kasutatavad otsingus\u00f5nad ja tekst, mida meie veebisaidi kasutamisel sisestate. Samuti kasutame oma veebireklaamikampaaniates anal\u00fc\u00fctilisi k\u00fcpsiseid, et teada saada, kuidas meie kasutajad veebilehte kasutavad p\u00e4rast meie reklaamide n\u00e4gemist (need v\u00f5ivad olla ka kolmandate osapoolte veebisaitidel olevad reklaamid), kuid me ei suuda teid tuvastada ja salvestame ainult anon\u00fc\u00fcmseid andmeid. teavet.<\/p>\n<p>Reklaamik\u00fcpsised: kasutame nii enda kui ka kolmanda osapoole k\u00fcpsiseid, et n\u00e4idata teile isikup\u00e4rastatud reklaame meie ja teistel veebisaitidel. Neid nimetatakse viidatud lehtedeks ja need p\u00f5hinevad teie sirvimistoimingutel meie veebisaidil, n\u00e4iteks teenustel, mida otsite.<\/p>\n<p>[\/et_pb_text][\/et_pb_column][\/et_pb_row][et_pb_row _builder_version=&#8221;4.20.2&#8243; _module_preset=&#8221;default&#8221; hover_enabled=&#8221;0&#8243; global_colors_info=&#8221;{}&#8221; theme_builder_area=&#8221;post_content&#8221; custom_margin=&#8221;0px||0px||false|false&#8221; custom_padding=&#8221;0px||0px||false|false&#8221; sticky_enabled=&#8221;0&#8243;][et_pb_column type=&#8221;4_4&#8243; _builder_version=&#8221;4.20.2&#8243; _module_preset=&#8221;default&#8221; global_colors_info=&#8221;{}&#8221; theme_builder_area=&#8221;post_content&#8221;][et_pb_text _builder_version=&#8221;4.20.2&#8243; _module_preset=&#8221;default&#8221; header_2_font=&#8221;Unna|700|||||||&#8221; header_2_font_size=&#8221;48px&#8221; header_2_line_height=&#8221;1.2em&#8221; hover_enabled=&#8221;0&#8243; header_2_font_size_tablet=&#8221;30px&#8221; header_2_font_size_phone=&#8221;24px&#8221; header_2_font_size_last_edited=&#8221;on|tablet&#8221; header_2_line_height_tablet=&#8221;1.4em&#8221; header_2_line_height_phone=&#8221;1.5em&#8221; header_2_line_height_last_edited=&#8221;on|tablet&#8221; locked=&#8221;off&#8221; global_colors_info=&#8221;{}&#8221; theme_builder_area=&#8221;post_content&#8221; sticky_enabled=&#8221;0&#8243; header_3_font=&#8221;Unna|700|||||||&#8221; header_3_font_size=&#8221;30px&#8221; custom_padding=&#8221;||0px||false|false&#8221; custom_margin=&#8221;||0px||false|false&#8221;]<\/p>\n<h3><span>Kuidas k\u00fcpsiseid kinnitada, keelata v\u00f5i kustutada?<\/span><\/h3>\n<p>[\/et_pb_text][et_pb_text _builder_version=&#8221;4.20.2&#8243; _module_preset=&#8221;default&#8221; text_font_size=&#8221;16px&#8221; text_line_height=&#8221;1.8em&#8221; custom_margin=&#8221;||0px||false|false&#8221; hover_enabled=&#8221;0&#8243; text_font_size_tablet=&#8221;&#8221; text_font_size_phone=&#8221;14px&#8221; text_font_size_last_edited=&#8221;on|phone&#8221; text_line_height_tablet=&#8221;&#8221; text_line_height_phone=&#8221;&#8221; text_line_height_last_edited=&#8221;on|phone&#8221; locked=&#8221;off&#8221; global_colors_info=&#8221;{}&#8221; theme_builder_area=&#8221;post_content&#8221; custom_padding=&#8221;||0px||false|false&#8221; sticky_enabled=&#8221;0&#8243;]<\/p>\n<p>Kui k\u00fclastate meie veebisaiti, kuvatakse teile aken teatega veebisaidi k\u00fcpsiste kasutamise kohta. N\u00f5usoleku nuppu vajutades kinnitate, et olete tutvunud k\u00fcpsiste ja nende kasutamise eesm\u00e4rkidega seotud teabega. <\/p>\n<p>K\u00fcpsiste keelamiseks aktiveerige oma brauseris seade, mis v\u00f5imaldab t\u00fchistada k\u00f5igi v\u00f5i m\u00f5ne k\u00fcpsiste seaded. Kui aga kasutate oma brauseri seadeid k\u00f5igi k\u00fcpsiste (sealhulgas tehniliste k\u00fcpsiste) keelamiseks, ei pruugi te p\u00e4\u00e4seda ligi k\u00f5ikidele veebisaitide jaotistele.<\/p>\n<p>Lisateavet k\u00fcpsiste men\u00fc\u00fcde haldamise kohta populaarseimates brauserites leiate siit: <a href=\"http:\/\/windows.microsoft.com\/en-GB\/windows7\/how-to-manage-cookies-in-internet-explorer-9\" rel=\"noopener noreferrer\" target=\"_blank\"><em>Internet Explorer<\/em><\/a>; <a href=\"https:\/\/support.google.com\/chrome\/answer\/95647?hl=en\" rel=\"noopener noreferrer\" target=\"_blank\"><em>Chrome<\/em><\/a>; <a href=\"https:\/\/support.mozilla.org\/en-US\/kb\/delete-cookies-remove-info-websites-stored\" rel=\"noopener noreferrer\" target=\"_blank\"><em>Firefox<\/em><\/a>; <a href=\"https:\/\/support.apple.com\/kb\/PH19214?locale=en_US\" rel=\"noopener noreferrer\" target=\"_blank\"><em>Safari<\/em><\/a>; <a href=\"http:\/\/help.opera.com\/Windows\/9.51\/en\/cookies.html\" rel=\"noopener noreferrer\" target=\"_blank\"><em>Opera<\/em><\/a>.<\/p>\n<p>[\/et_pb_text][\/et_pb_column][\/et_pb_row][et_pb_row _builder_version=&#8221;4.20.2&#8243; _module_preset=&#8221;default&#8221; hover_enabled=&#8221;0&#8243; global_colors_info=&#8221;{}&#8221; theme_builder_area=&#8221;post_content&#8221; custom_margin=&#8221;0px||0px||false|false&#8221; custom_padding=&#8221;0px||0px||false|false&#8221; sticky_enabled=&#8221;0&#8243;][et_pb_column type=&#8221;4_4&#8243; _builder_version=&#8221;4.20.2&#8243; _module_preset=&#8221;default&#8221; global_colors_info=&#8221;{}&#8221; theme_builder_area=&#8221;post_content&#8221;][et_pb_text _builder_version=&#8221;4.20.2&#8243; _module_preset=&#8221;default&#8221; header_2_font=&#8221;Unna|700|||||||&#8221; header_2_font_size=&#8221;48px&#8221; header_2_line_height=&#8221;1.2em&#8221; hover_enabled=&#8221;0&#8243; header_2_font_size_tablet=&#8221;30px&#8221; header_2_font_size_phone=&#8221;24px&#8221; header_2_font_size_last_edited=&#8221;on|tablet&#8221; header_2_line_height_tablet=&#8221;1.4em&#8221; header_2_line_height_phone=&#8221;1.5em&#8221; header_2_line_height_last_edited=&#8221;on|tablet&#8221; locked=&#8221;off&#8221; global_colors_info=&#8221;{}&#8221; theme_builder_area=&#8221;post_content&#8221; sticky_enabled=&#8221;0&#8243; header_3_font=&#8221;Unna|700|||||||&#8221; header_3_font_size=&#8221;30px&#8221; custom_padding=&#8221;||0px||false|false&#8221; custom_margin=&#8221;||0px||false|false&#8221;]<\/p>\n<h3><span>Privaatsuspoliitika muudatused.<\/span><\/h3>\n<p>[\/et_pb_text][et_pb_text _builder_version=&#8221;4.20.2&#8243; _module_preset=&#8221;default&#8221; text_font_size=&#8221;16px&#8221; text_line_height=&#8221;1.8em&#8221; custom_margin=&#8221;||0px||false|false&#8221; hover_enabled=&#8221;0&#8243; text_font_size_tablet=&#8221;&#8221; text_font_size_phone=&#8221;14px&#8221; text_font_size_last_edited=&#8221;on|phone&#8221; text_line_height_tablet=&#8221;&#8221; text_line_height_phone=&#8221;&#8221; text_line_height_last_edited=&#8221;on|phone&#8221; locked=&#8221;off&#8221; global_colors_info=&#8221;{}&#8221; theme_builder_area=&#8221;post_content&#8221; custom_padding=&#8221;||0px||false|false&#8221; sticky_enabled=&#8221;0&#8243;]<\/p>\n<p>Veebisaidi <a href=\"https:\/\/app.flowmapp.com\/projects\/6f4bc575-1c04-49a6-9274-3c31f14f025f\/sitemap\/mgbaltic.lv\" rel=\"noopener noreferrer\" target=\"_blank\">mgbaltic.lv<\/a> omanik j\u00e4tab endale \u00f5iguse seda poliitikat ja muud sellelt veebisaidilt leitud teavet \u00fcmber kirjutada v\u00f5i muuta, v\u00e4rskendades vastavate jaotiste sisu. Seda veebisaiti kasutades n\u00f5ustute k\u00f5igi tingimuste ja nendes tehtud muudatustega. K\u00f5ik meie privaatsuspoliitika muudatused postitatakse siia. Kontrollige seda lehte regulaarselt.<\/p>\n<p>Kui teil on privaatsuspoliitikaga seotud k\u00fcsimusi, v\u00f5tke meiega \u00fchendust jaotises \u201eKontaktid\u201c m\u00e4rgitud kontaktidel.<\/p>\n<p>Viimati tehtud muudatused: 2023.10.02<strong>.<\/strong><\/p>\n<p>&nbsp;<\/p>\n<p>[\/et_pb_text][\/et_pb_column][\/et_pb_row][\/et_pb_section]<\/p>\n","protected":false},"excerpt":{"rendered":"<p>PrivaatsuspoliitikaDatu Dro\u0161\u012bba un Priv\u0101tuma un s\u012bkdat\u0146u politikaMG Baltic loodi 2005. aastal ja see oli Baltikumis Miller Graphicu esindaja. Selle ajaga oleme n\u00e4inud vaeva, et teha koost\u00f6\u00f6d teiste ettev\u00f5tetega, kes toodavad k\u00f5rgkvaliteetseid fleksotr\u00fcki eelt\u00f6\u00f6tluse tooteid. T\u00e4na teevad meie tooted ja esindatavad ettev\u00f5tted meist tugevaima ettev\u00f5tte, mis spetsialiseerub fleksotr\u00fcki eelt\u00f6\u00f6tluse materjalide ja masinate t\u00f6\u00f6stuses. Me pakume rasterrulle, [&hellip;]<\/p>\n","protected":false},"author":1,"featured_media":0,"parent":0,"menu_order":0,"comment_status":"closed","ping_status":"open","template":"","meta":{"_et_pb_use_builder":"on","_et_pb_old_content":"","_et_gb_content_width":"","inline_featured_image":false,"footnotes":""},"class_list":["post-1234","page","type-page","status-publish","hentry"],"_links":{"self":[{"href":"https:\/\/mgbaltic.lv\/et\/wp-json\/wp\/v2\/pages\/1234","targetHints":{"allow":["GET"]}}],"collection":[{"href":"https:\/\/mgbaltic.lv\/et\/wp-json\/wp\/v2\/pages"}],"about":[{"href":"https:\/\/mgbaltic.lv\/et\/wp-json\/wp\/v2\/types\/page"}],"author":[{"embeddable":true,"href":"https:\/\/mgbaltic.lv\/et\/wp-json\/wp\/v2\/users\/1"}],"replies":[{"embeddable":true,"href":"https:\/\/mgbaltic.lv\/et\/wp-json\/wp\/v2\/comments?post=1234"}],"version-history":[{"count":2,"href":"https:\/\/mgbaltic.lv\/et\/wp-json\/wp\/v2\/pages\/1234\/revisions"}],"predecessor-version":[{"id":1236,"href":"https:\/\/mgbaltic.lv\/et\/wp-json\/wp\/v2\/pages\/1234\/revisions\/1236"}],"wp:attachment":[{"href":"https:\/\/mgbaltic.lv\/et\/wp-json\/wp\/v2\/media?parent=1234"}],"curies":[{"name":"wp","href":"https:\/\/api.w.org\/{rel}","templated":true}]}}