{"id":1051,"date":"2023-04-03T10:54:02","date_gmt":"2023-04-03T10:54:02","guid":{"rendered":"https:\/\/mgbaltic.lv\/rastrinis-volelis-anilox\/"},"modified":"2023-11-03T09:13:02","modified_gmt":"2023-11-03T09:13:02","slug":"rastrinis-volelis-anilox","status":"publish","type":"page","link":"https:\/\/mgbaltic.lv\/lt\/rastrinis-volelis-anilox\/","title":{"rendered":"Rastrinis volelis (Anilox)"},"content":{"rendered":"<p>[et_pb_section fb_built=&#8221;1&#8243; admin_label=&#8221;Header&#8221; _builder_version=&#8221;4.20.2&#8243; _module_preset=&#8221;default&#8221; background_color=&#8221;#eff2f5&#8243; global_colors_info=&#8221;{}&#8221;][et_pb_row column_structure=&#8221;1_2,1_2&#8243; make_equal=&#8221;on&#8221; _builder_version=&#8221;4.20.2&#8243; _module_preset=&#8221;default&#8221; global_colors_info=&#8221;{}&#8221;][et_pb_column type=&#8221;1_2&#8243; _builder_version=&#8221;4.20.2&#8243; _module_preset=&#8221;default&#8221; global_colors_info=&#8221;{}&#8221;][et_pb_text _builder_version=&#8221;4.20.2&#8243; _module_preset=&#8221;default&#8221; text_font_size=&#8221;18px&#8221; text_line_height=&#8221;1.8em&#8221; header_font=&#8221;|700|||||||&#8221; header_font_size=&#8221;45px&#8221; header_line_height=&#8221;1.2em&#8221; custom_margin=&#8221;||||false|false&#8221; text_font_size_tablet=&#8221;16px&#8221; text_font_size_phone=&#8221;14px&#8221; text_font_size_last_edited=&#8221;on|phone&#8221; header_font_size_tablet=&#8221;48px&#8221; header_font_size_phone=&#8221;32px&#8221; header_font_size_last_edited=&#8221;on|phone&#8221; header_line_height_tablet=&#8221;&#8221; header_line_height_phone=&#8221;1.4em&#8221; header_line_height_last_edited=&#8221;on|phone&#8221; locked=&#8221;off&#8221; global_colors_info=&#8221;{}&#8221;]<\/p>\n<h1>Rastrinis volelis (Anilox)<\/h1>\n<div class=\"ql-editor\" data-gramm=\"false\" contenteditable=\"false\">\n<p>J\u016bs\u0173 fleksografin\u0117s spaudos \u012frangai si\u016blome Pamarco rastrinius volelius graviruotus lazeriu (Anilox roll), kurie garantuos auk\u0161tos kokyb\u0117s spausdinimo rezoliucij\u0105 ir nepriekai\u0161ting\u0105 padengim\u0105 ra\u0161alu.<\/p>\n<\/div>\n<p>[\/et_pb_text][et_pb_button button_text=&#8221;Susisiekite su mumis&#8221; button_alignment=&#8221;left&#8221; _builder_version=&#8221;4.20.2&#8243; _module_preset=&#8221;default&#8221; custom_button=&#8221;on&#8221; button_text_size=&#8221;16px&#8221; button_bg_color=&#8221;#063765&#8243; button_border_color=&#8221;rgba(0,0,0,0)&#8221; button_border_radius=&#8221;0px&#8221; button_font=&#8221;|700||on|||||&#8221; button_icon=&#8221;&#x35;||divi||400&#8243; background_layout=&#8221;dark&#8221; custom_padding=&#8221;15px|40px|15px|40px|true|true&#8221; hover_enabled=&#8221;0&#8243; locked=&#8221;off&#8221; global_colors_info=&#8221;{}&#8221; button_bg_color__hover_enabled=&#8221;on|hover&#8221; button_bg_color__hover=&#8221;#e12427&#8243; button_bg_enable_color__hover=&#8221;on&#8221; button_url=&#8221;@ET-DC@eyJkeW5hbWljIjp0cnVlLCJjb250ZW50IjoicG9zdF9saW5rX3VybF9wYWdlIiwic2V0dGluZ3MiOnsicG9zdF9pZCI6IjEyIn19@&#8221; _dynamic_attributes=&#8221;button_url&#8221; sticky_enabled=&#8221;0&#8243;][\/et_pb_button][\/et_pb_column][et_pb_column type=&#8221;1_2&#8243; _builder_version=&#8221;4.20.2&#8243; _module_preset=&#8221;default&#8221; global_colors_info=&#8221;{}&#8221;][et_pb_image src=&#8221;https:\/\/mgbaltic.lv\/wp-content\/uploads\/2023\/04\/Pamarco-Anilox-Rolls-flexo-and-corrugated.png&#8221; title_text=&#8221;Pamarco-Anilox-Rolls-flexo-and-corrugated&#8221; force_fullwidth=&#8221;on&#8221; _builder_version=&#8221;4.20.2&#8243; _module_preset=&#8221;default&#8221; z_index=&#8221;1&#8243; module_alignment=&#8221;right&#8221; custom_margin_tablet=&#8221;0px||||false|false&#8221; custom_margin_last_edited=&#8221;off|desktop&#8221; global_colors_info=&#8221;{}&#8221;][\/et_pb_image][\/et_pb_column][\/et_pb_row][\/et_pb_section][et_pb_section fb_built=&#8221;1&#8243; admin_label=&#8221;Details&#8221; _builder_version=&#8221;4.16&#8243; _module_preset=&#8221;default&#8221; global_colors_info=&#8221;{}&#8221;][et_pb_row column_structure=&#8221;1_4,1_4,1_4,1_4&#8243; _builder_version=&#8221;4.20.2&#8243; _module_preset=&#8221;default&#8221; global_colors_info=&#8221;{}&#8221;][et_pb_column type=&#8221;1_4&#8243; _builder_version=&#8221;4.20.2&#8243; _module_preset=&#8221;default&#8221; global_colors_info=&#8221;{}&#8221;][et_pb_blurb title=&#8221;Kokyb\u0117&#8221; image=&#8221;https:\/\/mgbaltic.lv\/wp-content\/uploads\/2023\/04\/kvalitate.svg&#8221; image_icon_width=&#8221;50%&#8221; _builder_version=&#8221;4.20.2&#8243; _module_preset=&#8221;default&#8221; header_font=&#8221;|700|||||||&#8221; header_text_align=&#8221;center&#8221; header_text_color=&#8221;#E12427&#8243; header_font_size=&#8221;18px&#8221; text_orientation=&#8221;justified&#8221; global_colors_info=&#8221;{}&#8221;]<\/p>\n<p><span>M\u016bs\u0173 atstovaujami tiek\u0117jai auk\u0161t\u0105 savo med\u017eiag\u0173 ir \u012frangos kokyb\u0119 yra \u012frod\u0119 Europoje ir visame pasaulyje.<\/span><\/p>\n<p>[\/et_pb_blurb][\/et_pb_column][et_pb_column type=&#8221;1_4&#8243; _builder_version=&#8221;4.20.2&#8243; _module_preset=&#8221;default&#8221; global_colors_info=&#8221;{}&#8221;][et_pb_blurb title=&#8221;Aptarnavimas&#8221; image=&#8221;https:\/\/mgbaltic.lv\/wp-content\/uploads\/2023\/04\/serviss.svg&#8221; image_icon_width=&#8221;50%&#8221; _builder_version=&#8221;4.20.2&#8243; _module_preset=&#8221;default&#8221; header_font=&#8221;|700|||||||&#8221; header_text_align=&#8221;center&#8221; header_text_color=&#8221;#E12427&#8243; header_font_size=&#8221;18px&#8221; text_orientation=&#8221;justified&#8221; global_colors_info=&#8221;{}&#8221;]<\/p>\n<p>Teikiame fleksografin\u0117s spaudos kompanijoms auk\u0161tos kokyb\u0117s aptarnavim\u0105, pristatome med\u017eiagas ir pri\u017ei\u016brime parduotus produktus.<\/p>\n<p>[\/et_pb_blurb][\/et_pb_column][et_pb_column type=&#8221;1_4&#8243; _builder_version=&#8221;4.20.2&#8243; _module_preset=&#8221;default&#8221; global_colors_info=&#8221;{}&#8221;][et_pb_blurb title=&#8221;Personalizuotas metodika&#8221; image=&#8221;https:\/\/mgbaltic.lv\/wp-content\/uploads\/2023\/04\/sadarbiba.svg&#8221; image_icon_width=&#8221;50%&#8221; _builder_version=&#8221;4.20.2&#8243; _module_preset=&#8221;default&#8221; header_font=&#8221;|700|||||||&#8221; header_text_align=&#8221;center&#8221; header_text_color=&#8221;#E12427&#8243; header_font_size=&#8221;18px&#8221; text_orientation=&#8221;justified&#8221; global_colors_info=&#8221;{}&#8221;]<\/p>\n<p><span>N\u0117ra vienod\u0173 klient\u0173. Kiekvieno kliento situacija savita ir reikalauja individualios metodikos. Mes tai sugebame puikiai.<\/span><\/p>\n<p>[\/et_pb_blurb][\/et_pb_column][et_pb_column type=&#8221;1_4&#8243; _builder_version=&#8221;4.20.2&#8243; _module_preset=&#8221;default&#8221; global_colors_info=&#8221;{}&#8221;][et_pb_blurb title=&#8221;Puiki kaina&#8221; image=&#8221;https:\/\/mgbaltic.lv\/wp-content\/uploads\/2023\/04\/cena.svg&#8221; image_icon_width=&#8221;50%&#8221; _builder_version=&#8221;4.20.2&#8243; _module_preset=&#8221;default&#8221; header_font=&#8221;|700|||||||&#8221; header_text_align=&#8221;center&#8221; header_text_color=&#8221;#E12427&#8243; header_font_size=&#8221;18px&#8221; text_orientation=&#8221;justified&#8221; global_colors_info=&#8221;{}&#8221;]<\/p>\n<p><span>UAB MG Baltic yra tiesioginis gamintojo tiek\u0117jas, tad si\u016blome gamintojo kainas. <\/span><\/p>\n<p>[\/et_pb_blurb][\/et_pb_column][\/et_pb_row][et_pb_row _builder_version=&#8221;4.20.2&#8243; _module_preset=&#8221;default&#8221; global_colors_info=&#8221;{}&#8221;][et_pb_column type=&#8221;4_4&#8243; _builder_version=&#8221;4.20.2&#8243; _module_preset=&#8221;default&#8221; global_colors_info=&#8221;{}&#8221;][et_pb_button button_text=&#8221;Susisiekite su mumis d\u0117l produkcijos&#8221; button_alignment=&#8221;center&#8221; _builder_version=&#8221;4.20.2&#8243; _module_preset=&#8221;default&#8221; custom_button=&#8221;on&#8221; button_text_size=&#8221;16px&#8221; button_bg_color=&#8221;#063765&#8243; button_border_color=&#8221;rgba(0,0,0,0)&#8221; button_border_radius=&#8221;0px&#8221; button_letter_spacing=&#8221;2px&#8221; button_font=&#8221;|700||on|||||&#8221; button_icon=&#8221;&#x35;||divi||400&#8243; background_layout=&#8221;dark&#8221; custom_padding=&#8221;15px|40px|15px|40px|true|true&#8221; hover_enabled=&#8221;0&#8243; locked=&#8221;off&#8221; global_colors_info=&#8221;{}&#8221; button_bg_color__hover_enabled=&#8221;on|hover&#8221; button_bg_color__hover=&#8221;#e12427&#8243; button_bg_enable_color__hover=&#8221;on&#8221; button_url=&#8221;@ET-DC@eyJkeW5hbWljIjp0cnVlLCJjb250ZW50IjoicG9zdF9saW5rX3VybF9wYWdlIiwic2V0dGluZ3MiOnsicG9zdF9pZCI6IjEyIn19@&#8221; _dynamic_attributes=&#8221;button_url&#8221; sticky_enabled=&#8221;0&#8243;][\/et_pb_button][\/et_pb_column][\/et_pb_row][\/et_pb_section][et_pb_section fb_built=&#8221;1&#8243; admin_label=&#8221;Feature&#8221; _builder_version=&#8221;4.20.2&#8243; _module_preset=&#8221;default&#8221; background_image=&#8221;https:\/\/mgbaltic.lv\/wp-content\/uploads\/2023\/04\/fons.svg&#8221; background_size=&#8221;initial&#8221; global_colors_info=&#8221;{}&#8221;][et_pb_row column_structure=&#8221;2_5,3_5&#8243; _builder_version=&#8221;4.20.2&#8243; _module_preset=&#8221;default&#8221; custom_margin=&#8221;50px||50px||true|false&#8221; custom_margin_tablet=&#8221;0px||0px||true|false&#8221; custom_margin_phone=&#8221;&#8221; custom_margin_last_edited=&#8221;on|tablet&#8221; global_colors_info=&#8221;{}&#8221;][et_pb_column type=&#8221;2_5&#8243; _builder_version=&#8221;4.20.2&#8243; _module_preset=&#8221;default&#8221; custom_padding=&#8221;||||false|false&#8221; global_colors_info=&#8221;{}&#8221;][et_pb_text _builder_version=&#8221;4.20.2&#8243; _module_preset=&#8221;default&#8221; header_2_font=&#8221;|700|||||||&#8221; header_2_font_size=&#8221;48px&#8221; header_2_line_height=&#8221;1.2em&#8221; header_2_font_size_tablet=&#8221;30px&#8221; header_2_font_size_phone=&#8221;24px&#8221; header_2_font_size_last_edited=&#8221;on|tablet&#8221; header_2_line_height_tablet=&#8221;1.4em&#8221; header_2_line_height_phone=&#8221;1.5em&#8221; header_2_line_height_last_edited=&#8221;on|tablet&#8221; locked=&#8221;off&#8221; global_colors_info=&#8221;{}&#8221;]<\/p>\n<h2><span>Apie gamintoj\u0105<\/span><\/h2>\n<p>[\/et_pb_text][et_pb_text _builder_version=&#8221;4.20.2&#8243; _module_preset=&#8221;default&#8221; text_font_size=&#8221;16px&#8221; text_line_height=&#8221;1.8em&#8221; text_font_size_tablet=&#8221;&#8221; text_font_size_phone=&#8221;14px&#8221; text_font_size_last_edited=&#8221;on|phone&#8221; text_line_height_tablet=&#8221;&#8221; text_line_height_phone=&#8221;&#8221; text_line_height_last_edited=&#8221;on|phone&#8221; locked=&#8221;off&#8221; global_colors_info=&#8221;{}&#8221;]<\/p>\n<p style=\"text-align: justify;\">Pamarco auk\u0161tos kokyb\u0117s rastrinius volelius (Anilox) gamina jau 80 met\u0173. Dabar jie gamina Anilox volelius ir priedus, valymo med\u017eiagas. Patyrusi j\u0173 pardav\u0117j\u0173 komanda atlieka Anilox voleli\u0173 audit\u0105 kokybei u\u017etikrinti. Pastariuosius 75 metus Pamarco in\u017einieriai sunkiai dirbo kurdami inovatyvius sprendimus, kurie dar labiau pagerint\u0173 klient\u0173 fleksografin\u0117s spaudos kokyb\u0119.<\/p>\n<p>[\/et_pb_text][et_pb_button button_url=&#8221;https:\/\/pamarco.com\/anilox-rolls\/&#8221; url_new_window=&#8221;on&#8221; button_text=&#8221;Gamintojo puslapis&#8221; button_alignment=&#8221;center&#8221; _builder_version=&#8221;4.20.2&#8243; _module_preset=&#8221;default&#8221; custom_button=&#8221;on&#8221; button_text_size=&#8221;16px&#8221; button_bg_color=&#8221;#063765&#8243; button_border_color=&#8221;rgba(0,0,0,0)&#8221; button_border_radius=&#8221;0px&#8221; button_letter_spacing=&#8221;2px&#8221; button_font=&#8221;|700||on|||||&#8221; button_icon=&#8221;&#x35;||divi||400&#8243; background_layout=&#8221;dark&#8221; custom_padding=&#8221;15px|40px|15px|40px|true|true&#8221; locked=&#8221;off&#8221; global_colors_info=&#8221;{}&#8221; button_bg_color__hover=&#8221;#e12427&#8243; button_bg_color__hover_enabled=&#8221;on|hover&#8221;][\/et_pb_button][\/et_pb_column][et_pb_column type=&#8221;3_5&#8243; _builder_version=&#8221;4.16&#8243; _module_preset=&#8221;default&#8221; custom_padding=&#8221;||||false|false&#8221; global_colors_info=&#8221;{}&#8221;][et_pb_image src=&#8221;https:\/\/mgbaltic.lv\/wp-content\/uploads\/2023\/04\/PP364.jpg&#8221; title_text=&#8221;PP364&#8243; _builder_version=&#8221;4.20.2&#8243; _module_preset=&#8221;default&#8221; width=&#8221;90%&#8221; global_colors_info=&#8221;{}&#8221;][\/et_pb_image][\/et_pb_column][\/et_pb_row][\/et_pb_section][et_pb_section fb_built=&#8221;1&#8243; admin_label=&#8221;Features&#8221; _builder_version=&#8221;4.16&#8243; _module_preset=&#8221;default&#8221; global_colors_info=&#8221;{}&#8221;][et_pb_row column_structure=&#8221;1_3,1_3,1_3&#8243; _builder_version=&#8221;4.20.2&#8243; _module_preset=&#8221;default&#8221; global_colors_info=&#8221;{}&#8221;][et_pb_column type=&#8221;1_3&#8243; _builder_version=&#8221;4.20.2&#8243; _module_preset=&#8221;default&#8221; global_colors_info=&#8221;{}&#8221;][et_pb_blurb title=&#8221;EFlo HD&#8221; image=&#8221;https:\/\/mgbaltic.lv\/wp-content\/uploads\/2023\/04\/eflo.png&#8221; _builder_version=&#8221;4.20.2&#8243; _module_preset=&#8221;default&#8221; header_font=&#8221;|700|||||||&#8221; header_text_align=&#8221;center&#8221; header_font_size=&#8221;22px&#8221; text_orientation=&#8221;justified&#8221; locked=&#8221;off&#8221; global_colors_info=&#8221;{}&#8221;][\/et_pb_blurb][\/et_pb_column][et_pb_column type=&#8221;1_3&#8243; _builder_version=&#8221;4.20.2&#8243; _module_preset=&#8221;default&#8221; global_colors_info=&#8221;{}&#8221;][et_pb_blurb title=&#8221;ThermaFlo&#8221; image=&#8221;https:\/\/mgbaltic.lv\/wp-content\/uploads\/2023\/04\/thermaflo.png&#8221; _builder_version=&#8221;4.20.2&#8243; _module_preset=&#8221;default&#8221; header_font=&#8221;|700|||||||&#8221; header_text_align=&#8221;center&#8221; header_font_size=&#8221;22px&#8221; text_orientation=&#8221;justified&#8221; locked=&#8221;off&#8221; global_colors_info=&#8221;{}&#8221;][\/et_pb_blurb][\/et_pb_column][et_pb_column type=&#8221;1_3&#8243; _builder_version=&#8221;4.20.2&#8243; _module_preset=&#8221;default&#8221; global_colors_info=&#8221;{}&#8221;][et_pb_blurb title=&#8221;EZFlo&#8221; image=&#8221;https:\/\/mgbaltic.lv\/wp-content\/uploads\/2023\/04\/ezfloo.png&#8221; _builder_version=&#8221;4.20.2&#8243; _module_preset=&#8221;default&#8221; header_font=&#8221;|700|||||||&#8221; header_text_align=&#8221;center&#8221; header_font_size=&#8221;22px&#8221; text_orientation=&#8221;justified&#8221; locked=&#8221;off&#8221; global_colors_info=&#8221;{}&#8221;][\/et_pb_blurb][\/et_pb_column][\/et_pb_row][\/et_pb_section]<\/p>\n","protected":false},"excerpt":{"rendered":"<p>Rastrinis volelis (Anilox) J\u016bs\u0173 fleksografin\u0117s spaudos \u012frangai si\u016blome Pamarco rastrinius volelius graviruotus lazeriu (Anilox roll), kurie garantuos auk\u0161tos kokyb\u0117s spausdinimo rezoliucij\u0105 ir nepriekai\u0161ting\u0105 padengim\u0105 ra\u0161alu. M\u016bs\u0173 atstovaujami tiek\u0117jai auk\u0161t\u0105 savo med\u017eiag\u0173 ir \u012frangos kokyb\u0119 yra \u012frod\u0119 Europoje ir visame pasaulyje.Teikiame fleksografin\u0117s spaudos kompanijoms auk\u0161tos kokyb\u0117s aptarnavim\u0105, pristatome med\u017eiagas ir pri\u017ei\u016brime parduotus produktus.N\u0117ra vienod\u0173 klient\u0173. Kiekvieno [&hellip;]<\/p>\n","protected":false},"author":1,"featured_media":0,"parent":0,"menu_order":0,"comment_status":"closed","ping_status":"closed","template":"","meta":{"_et_pb_use_builder":"on","_et_pb_old_content":"","_et_gb_content_width":"","inline_featured_image":false,"footnotes":""},"class_list":["post-1051","page","type-page","status-publish","hentry"],"_links":{"self":[{"href":"https:\/\/mgbaltic.lv\/lt\/wp-json\/wp\/v2\/pages\/1051","targetHints":{"allow":["GET"]}}],"collection":[{"href":"https:\/\/mgbaltic.lv\/lt\/wp-json\/wp\/v2\/pages"}],"about":[{"href":"https:\/\/mgbaltic.lv\/lt\/wp-json\/wp\/v2\/types\/page"}],"author":[{"embeddable":true,"href":"https:\/\/mgbaltic.lv\/lt\/wp-json\/wp\/v2\/users\/1"}],"replies":[{"embeddable":true,"href":"https:\/\/mgbaltic.lv\/lt\/wp-json\/wp\/v2\/comments?post=1051"}],"version-history":[{"count":5,"href":"https:\/\/mgbaltic.lv\/lt\/wp-json\/wp\/v2\/pages\/1051\/revisions"}],"predecessor-version":[{"id":1248,"href":"https:\/\/mgbaltic.lv\/lt\/wp-json\/wp\/v2\/pages\/1051\/revisions\/1248"}],"wp:attachment":[{"href":"https:\/\/mgbaltic.lv\/lt\/wp-json\/wp\/v2\/media?parent=1051"}],"curies":[{"name":"wp","href":"https:\/\/api.w.org\/{rel}","templated":true}]}}