{"id":1081,"date":"2023-09-26T06:50:12","date_gmt":"2023-09-26T06:50:12","guid":{"rendered":"https:\/\/mgbaltic.lv\/valymo-iranga-spausdintuvu-dazams\/"},"modified":"2023-11-01T15:25:10","modified_gmt":"2023-11-01T15:25:10","slug":"valymo-iranga-spausdintuvu-dazams","status":"publish","type":"page","link":"https:\/\/mgbaltic.lv\/lt\/valymo-iranga-spausdintuvu-dazams\/","title":{"rendered":"Valymo \u012franga spausdintuv\u0173 da\u017eams"},"content":{"rendered":"<p>[et_pb_section fb_built=&#8221;1&#8243; admin_label=&#8221;Header&#8221; _builder_version=&#8221;4.20.2&#8243; _module_preset=&#8221;default&#8221; background_color=&#8221;#eff2f5&#8243; global_colors_info=&#8221;{}&#8221;][et_pb_row column_structure=&#8221;1_2,1_2&#8243; make_equal=&#8221;on&#8221; _builder_version=&#8221;4.20.2&#8243; _module_preset=&#8221;default&#8221; global_colors_info=&#8221;{}&#8221;][et_pb_column type=&#8221;1_2&#8243; _builder_version=&#8221;4.20.2&#8243; _module_preset=&#8221;default&#8221; global_colors_info=&#8221;{}&#8221;][et_pb_text _builder_version=&#8221;4.20.2&#8243; _module_preset=&#8221;default&#8221; text_font_size=&#8221;18px&#8221; text_line_height=&#8221;1.8em&#8221; header_font=&#8221;|700|||||||&#8221; header_font_size=&#8221;45px&#8221; header_line_height=&#8221;1.2em&#8221; custom_margin=&#8221;||||false|false&#8221; text_font_size_tablet=&#8221;16px&#8221; text_font_size_phone=&#8221;14px&#8221; text_font_size_last_edited=&#8221;on|phone&#8221; header_font_size_tablet=&#8221;48px&#8221; header_font_size_phone=&#8221;32px&#8221; header_font_size_last_edited=&#8221;on|phone&#8221; header_line_height_tablet=&#8221;&#8221; header_line_height_phone=&#8221;1.4em&#8221; header_line_height_last_edited=&#8221;on|phone&#8221; locked=&#8221;off&#8221; global_colors_info=&#8221;{}&#8221;]<\/p>\n<h1><span data-sheets-value=\"{\"1\":2,\"2\":\"Tipogr\u0101fijas kr\u0101sas mazg\u0101\u0161anas iek\u0101rtas\"}\" data-sheets-userformat=\"{\"2\":29441,\"3\":{\"1\":0},\"11\":4,\"12\":0,\"15\":\"Arial\",\"16\":34,\"17\":1}\">Valymo \u012franga spausdintuv\u0173 da\u017eams<\/span><\/h1>\n<div class=\"ql-editor\" data-gramm=\"false\" contenteditable=\"false\">\n<p>Kad pasiektum\u0117te auk\u0161\u010diausius fleksografin\u0117s spaudos kokyb\u0117s standartus, jums prireiks bent vienos Flexo Wash spaudos \u012frangos da\u017e\u0173 valymo ma\u0161inos. Ji u\u017etikrins spalv\u0173 grynum\u0105 spausdinimo metu.<\/p>\n<\/div>\n<p>[\/et_pb_text][et_pb_button button_text=&#8221;Susisiekite su mumis&#8221; button_alignment=&#8221;left&#8221; _builder_version=&#8221;4.20.2&#8243; _module_preset=&#8221;default&#8221; custom_button=&#8221;on&#8221; button_text_size=&#8221;16px&#8221; button_bg_color=&#8221;#063765&#8243; button_border_color=&#8221;rgba(0,0,0,0)&#8221; button_border_radius=&#8221;0px&#8221; button_font=&#8221;|700||on|||||&#8221; button_icon=&#8221;&#x35;||divi||400&#8243; background_layout=&#8221;dark&#8221; custom_padding=&#8221;15px|40px|15px|40px|true|true&#8221; hover_enabled=&#8221;0&#8243; locked=&#8221;off&#8221; global_colors_info=&#8221;{}&#8221; button_bg_color__hover_enabled=&#8221;on|hover&#8221; button_bg_color__hover=&#8221;#e12427&#8243; button_bg_enable_color__hover=&#8221;on&#8221; button_url=&#8221;@ET-DC@eyJkeW5hbWljIjp0cnVlLCJjb250ZW50IjoicG9zdF9saW5rX3VybF9wYWdlIiwic2V0dGluZ3MiOnsicG9zdF9pZCI6IjEyIn19@&#8221; _dynamic_attributes=&#8221;button_url&#8221; sticky_enabled=&#8221;0&#8243;][\/et_pb_button][\/et_pb_column][et_pb_column type=&#8221;1_2&#8243; _builder_version=&#8221;4.20.2&#8243; _module_preset=&#8221;default&#8221; global_colors_info=&#8221;{}&#8221;][et_pb_image src=&#8221;https:\/\/mgbaltic.lv\/wp-content\/uploads\/2023\/09\/Flexo-Wash-tipografijas-krasas-mazgasanas-iekarta-MGBaltic.png&#8221; title_text=&#8221;Flexo Wash tipogr\u0101fijas kr\u0101sas mazg\u0101\u0161anas iek\u0101rta &#8211; MGBaltic&#8221; align=&#8221;center&#8221; _builder_version=&#8221;4.20.2&#8243; _module_preset=&#8221;default&#8221; width=&#8221;71%&#8221; global_colors_info=&#8221;{}&#8221;][\/et_pb_image][\/et_pb_column][\/et_pb_row][\/et_pb_section][et_pb_section fb_built=&#8221;1&#8243; admin_label=&#8221;Details&#8221; _builder_version=&#8221;4.16&#8243; _module_preset=&#8221;default&#8221; global_colors_info=&#8221;{}&#8221;][et_pb_row column_structure=&#8221;1_4,1_4,1_4,1_4&#8243; _builder_version=&#8221;4.20.2&#8243; _module_preset=&#8221;default&#8221; global_colors_info=&#8221;{}&#8221;][et_pb_column type=&#8221;1_4&#8243; _builder_version=&#8221;4.20.2&#8243; _module_preset=&#8221;default&#8221; global_colors_info=&#8221;{}&#8221;][et_pb_blurb title=&#8221;Kokyb\u0117&#8221; image=&#8221;https:\/\/mgbaltic.lv\/wp-content\/uploads\/2023\/04\/kvalitate.svg&#8221; image_icon_width=&#8221;50%&#8221; _builder_version=&#8221;4.20.2&#8243; _module_preset=&#8221;default&#8221; header_font=&#8221;|700|||||||&#8221; header_text_align=&#8221;center&#8221; header_text_color=&#8221;#E12427&#8243; header_font_size=&#8221;18px&#8221; text_orientation=&#8221;justified&#8221; global_colors_info=&#8221;{}&#8221;]<\/p>\n<p><span>M\u016bs\u0173 atstovaujami tiek\u0117jai auk\u0161t\u0105 savo med\u017eiag\u0173 ir \u012frangos kokyb\u0119 yra \u012frod\u0119 Europoje ir visame pasaulyje.<\/span><\/p>\n<p>[\/et_pb_blurb][\/et_pb_column][et_pb_column type=&#8221;1_4&#8243; _builder_version=&#8221;4.20.2&#8243; _module_preset=&#8221;default&#8221; global_colors_info=&#8221;{}&#8221;][et_pb_blurb title=&#8221;Aptarnavimas&#8221; image=&#8221;https:\/\/mgbaltic.lv\/wp-content\/uploads\/2023\/04\/serviss.svg&#8221; image_icon_width=&#8221;50%&#8221; _builder_version=&#8221;4.20.2&#8243; _module_preset=&#8221;default&#8221; header_font=&#8221;|700|||||||&#8221; header_text_align=&#8221;center&#8221; header_text_color=&#8221;#E12427&#8243; header_font_size=&#8221;18px&#8221; text_orientation=&#8221;justified&#8221; global_colors_info=&#8221;{}&#8221;]<\/p>\n<p>Teikiame fleksografin\u0117s spaudos kompanijoms auk\u0161tos kokyb\u0117s aptarnavim\u0105, pristatome med\u017eiagas ir pri\u017ei\u016brime parduotus produktus.<\/p>\n<p>[\/et_pb_blurb][\/et_pb_column][et_pb_column type=&#8221;1_4&#8243; _builder_version=&#8221;4.20.2&#8243; _module_preset=&#8221;default&#8221; global_colors_info=&#8221;{}&#8221;][et_pb_blurb title=&#8221;Personalizuotas metodika&#8221; image=&#8221;https:\/\/mgbaltic.lv\/wp-content\/uploads\/2023\/04\/sadarbiba.svg&#8221; image_icon_width=&#8221;50%&#8221; _builder_version=&#8221;4.20.2&#8243; _module_preset=&#8221;default&#8221; header_font=&#8221;|700|||||||&#8221; header_text_align=&#8221;center&#8221; header_text_color=&#8221;#E12427&#8243; header_font_size=&#8221;18px&#8221; text_orientation=&#8221;justified&#8221; global_colors_info=&#8221;{}&#8221;]<\/p>\n<p><span>N\u0117ra vienod\u0173 klient\u0173. Kiekvieno kliento situacija savita ir reikalauja individualios metodikos. Mes tai sugebame puikiai.<\/span><\/p>\n<p>[\/et_pb_blurb][\/et_pb_column][et_pb_column type=&#8221;1_4&#8243; _builder_version=&#8221;4.20.2&#8243; _module_preset=&#8221;default&#8221; global_colors_info=&#8221;{}&#8221;][et_pb_blurb title=&#8221;Puiki kaina&#8221; image=&#8221;https:\/\/mgbaltic.lv\/wp-content\/uploads\/2023\/04\/cena.svg&#8221; image_icon_width=&#8221;50%&#8221; _builder_version=&#8221;4.20.2&#8243; _module_preset=&#8221;default&#8221; header_font=&#8221;|700|||||||&#8221; header_text_align=&#8221;center&#8221; header_text_color=&#8221;#E12427&#8243; header_font_size=&#8221;18px&#8221; text_orientation=&#8221;justified&#8221; global_colors_info=&#8221;{}&#8221;]<\/p>\n<p><span>UAB MG Baltic yra tiesioginis gamintojo tiek\u0117jas, tad si\u016blome gamintojo kainas. <\/span><\/p>\n<p>[\/et_pb_blurb][\/et_pb_column][\/et_pb_row][et_pb_row _builder_version=&#8221;4.20.2&#8243; _module_preset=&#8221;default&#8221; global_colors_info=&#8221;{}&#8221;][et_pb_column type=&#8221;4_4&#8243; _builder_version=&#8221;4.20.2&#8243; _module_preset=&#8221;default&#8221; global_colors_info=&#8221;{}&#8221;][et_pb_button button_text=&#8221;Susisiekite su mumis d\u0117l produkcijos&#8221; button_alignment=&#8221;center&#8221; _builder_version=&#8221;4.20.2&#8243; _module_preset=&#8221;default&#8221; custom_button=&#8221;on&#8221; button_text_size=&#8221;16px&#8221; button_bg_color=&#8221;#063765&#8243; button_border_color=&#8221;rgba(0,0,0,0)&#8221; button_border_radius=&#8221;0px&#8221; button_letter_spacing=&#8221;2px&#8221; button_font=&#8221;|700||on|||||&#8221; button_icon=&#8221;&#x35;||divi||400&#8243; background_layout=&#8221;dark&#8221; custom_padding=&#8221;15px|40px|15px|40px|true|true&#8221; hover_enabled=&#8221;0&#8243; locked=&#8221;off&#8221; global_colors_info=&#8221;{}&#8221; button_bg_color__hover_enabled=&#8221;on|hover&#8221; button_bg_color__hover=&#8221;#e12427&#8243; button_bg_enable_color__hover=&#8221;on&#8221; button_url=&#8221;@ET-DC@eyJkeW5hbWljIjp0cnVlLCJjb250ZW50IjoicG9zdF9saW5rX3VybF9wYWdlIiwic2V0dGluZ3MiOnsicG9zdF9pZCI6IjEyIn19@&#8221; _dynamic_attributes=&#8221;button_url&#8221; sticky_enabled=&#8221;0&#8243;][\/et_pb_button][\/et_pb_column][\/et_pb_row][\/et_pb_section][et_pb_section fb_built=&#8221;1&#8243; admin_label=&#8221;Feature&#8221; _builder_version=&#8221;4.20.2&#8243; _module_preset=&#8221;default&#8221; background_image=&#8221;https:\/\/mgbaltic.lv\/wp-content\/uploads\/2023\/04\/fons.svg&#8221; background_size=&#8221;initial&#8221; global_colors_info=&#8221;{}&#8221;][et_pb_row column_structure=&#8221;2_5,3_5&#8243; _builder_version=&#8221;4.20.2&#8243; _module_preset=&#8221;default&#8221; custom_margin=&#8221;50px||50px||true|false&#8221; custom_margin_tablet=&#8221;0px||0px||true|false&#8221; custom_margin_phone=&#8221;&#8221; custom_margin_last_edited=&#8221;on|tablet&#8221; global_colors_info=&#8221;{}&#8221;][et_pb_column type=&#8221;2_5&#8243; _builder_version=&#8221;4.16&#8243; _module_preset=&#8221;default&#8221; custom_padding=&#8221;||||false|false&#8221; global_colors_info=&#8221;{}&#8221;][et_pb_text _builder_version=&#8221;4.20.2&#8243; _module_preset=&#8221;default&#8221; header_2_font=&#8221;|700|||||||&#8221; header_2_font_size=&#8221;48px&#8221; header_2_line_height=&#8221;1.2em&#8221; header_2_font_size_tablet=&#8221;30px&#8221; header_2_font_size_phone=&#8221;24px&#8221; header_2_font_size_last_edited=&#8221;on|tablet&#8221; header_2_line_height_tablet=&#8221;1.4em&#8221; header_2_line_height_phone=&#8221;1.5em&#8221; header_2_line_height_last_edited=&#8221;on|tablet&#8221; locked=&#8221;off&#8221; global_colors_info=&#8221;{}&#8221;]<\/p>\n<h2><span>Apie gamintoj\u0105<\/span><\/h2>\n<p>[\/et_pb_text][et_pb_text _builder_version=&#8221;4.20.2&#8243; _module_preset=&#8221;default&#8221; text_font_size=&#8221;16px&#8221; text_line_height=&#8221;1.8em&#8221; text_font_size_tablet=&#8221;&#8221; text_font_size_phone=&#8221;14px&#8221; text_font_size_last_edited=&#8221;on|phone&#8221; text_line_height_tablet=&#8221;&#8221; text_line_height_phone=&#8221;&#8221; text_line_height_last_edited=&#8221;on|phone&#8221; locked=&#8221;off&#8221; global_colors_info=&#8221;{}&#8221;]<\/p>\n<p style=\"text-align: justify;\"><span data-sheets-value=\"{\"1\":2,\"2\":\"Flexo Wash ir vado\u0161ais tipogr\u0101fijas kr\u0101sas mazg\u0101\u0161anas risin\u0101jumu uz\u0146\u0113mums, no D\u0101nijas ar vair\u0101k k\u0101 30 gadu pieredzi t\u012br\u012b\u0161anas iek\u0101rtu un videi draudz\u012bgas t\u012br\u012b\u0161anas l\u012bdzek\u013cu ra\u017eo\u0161an\u0101 fleksodrukas vajadz\u012bb\u0101m. Uz\u0146\u0113mums ir izvirz\u012bjis sev misiju veiksm\u012bgi izstr\u0101d\u0101t novatoriskas un kvalitat\u012bvas t\u012br\u012b\u0161anas iek\u0101rtas, lai apmierin\u0101tu tipogr\u0101fiju vajadz\u012bbas p\u0113c nemain\u012bgas drukas kvalit\u0101tes un augstas produktivit\u0101tes, koncentr\u0113joties uz dro\u0161iem darba apst\u0101k\u013ciem un zemu ietekmi uz vidi.\"}\" data-sheets-userformat=\"{\"2\":31555,\"3\":{\"1\":0},\"4\":{\"1\":2,\"2\":16777215},\"9\":0,\"11\":4,\"12\":0,\"14\":{\"1\":2,\"2\":0},\"15\":\"Arial\",\"16\":12,\"17\":1}\">Flexo Wash &#8211; \u012fmon\u0117 i\u0161 Danijos, lyderiaujanti spaudos ma\u0161in\u0173 da\u017e\u0173 valikliuose ir turinti daugiau nei 30 met\u0173 patirties valymo \u012frenginiuose ir ekologi\u0161kuose valymo produktuose fleksografijos spaudai. \u012emon\u0117 skelbia, kad j\u0173 misija &#8211; s\u0117kmingai kurti inovatyvi\u0105 ir geros kokyb\u0117s valymo \u012frang\u0105 bei patenkinti spaud\u0117j\u0173 reikmes auk\u0161tai kokybei ir produktyvumui, atsi\u017evelgiant \u012f darbo aplinkos saugum\u0105 ir minimal\u0173 poveik\u012f gamtai.<\/span><\/p>\n<p>[\/et_pb_text][et_pb_button button_url=&#8221;http:\/\/www.flexowash.com\/&#8221; url_new_window=&#8221;on&#8221; button_text=&#8221;Gamintojo puslapis&#8221; button_alignment=&#8221;center&#8221; _builder_version=&#8221;4.20.2&#8243; _module_preset=&#8221;default&#8221; custom_button=&#8221;on&#8221; button_text_size=&#8221;16px&#8221; button_bg_color=&#8221;#063765&#8243; button_border_color=&#8221;rgba(0,0,0,0)&#8221; button_border_radius=&#8221;0px&#8221; button_letter_spacing=&#8221;2px&#8221; button_font=&#8221;|700||on|||||&#8221; button_icon=&#8221;&#x35;||divi||400&#8243; background_layout=&#8221;dark&#8221; custom_padding=&#8221;15px|40px|15px|40px|true|true&#8221; locked=&#8221;off&#8221; global_colors_info=&#8221;{}&#8221; button_bg_color__hover=&#8221;#e12427&#8243; button_bg_color__hover_enabled=&#8221;on|hover&#8221;][\/et_pb_button][\/et_pb_column][et_pb_column type=&#8221;3_5&#8243; _builder_version=&#8221;4.16&#8243; _module_preset=&#8221;default&#8221; custom_padding=&#8221;||||false|false&#8221; global_colors_info=&#8221;{}&#8221;][et_pb_image src=&#8221;https:\/\/mgbaltic.lv\/wp-content\/uploads\/2023\/09\/Flexo-Wash-tintes-mazgasanas-iekartas-un-lidzekli-MG-Baltic.jpg&#8221; title_text=&#8221;Flexo Wash tintes mazg\u0101\u0161anas iek\u0101rtas un l\u012bdzek\u013ci &#8211; MG Baltic&#8221; _builder_version=&#8221;4.20.2&#8243; _module_preset=&#8221;default&#8221; width=&#8221;90%&#8221; global_colors_info=&#8221;{}&#8221;][\/et_pb_image][\/et_pb_column][\/et_pb_row][\/et_pb_section][et_pb_section fb_built=&#8221;1&#8243; admin_label=&#8221;Features&#8221; _builder_version=&#8221;4.16&#8243; _module_preset=&#8221;default&#8221; locked=&#8221;off&#8221; global_colors_info=&#8221;{}&#8221;][et_pb_row _builder_version=&#8221;4.20.2&#8243; _module_preset=&#8221;default&#8221; global_colors_info=&#8221;{}&#8221;][et_pb_column type=&#8221;4_4&#8243; _builder_version=&#8221;4.20.2&#8243; _module_preset=&#8221;default&#8221; global_colors_info=&#8221;{}&#8221;][et_pb_text _builder_version=&#8221;4.20.2&#8243; _module_preset=&#8221;default&#8221; header_2_font=&#8221;|700|||||||&#8221; header_2_font_size=&#8221;48px&#8221; header_2_line_height=&#8221;1.2em&#8221; header_2_font_size_tablet=&#8221;30px&#8221; header_2_font_size_phone=&#8221;24px&#8221; header_2_font_size_last_edited=&#8221;on|tablet&#8221; header_2_line_height_tablet=&#8221;1.4em&#8221; header_2_line_height_phone=&#8221;1.5em&#8221; header_2_line_height_last_edited=&#8221;on|tablet&#8221; locked=&#8221;off&#8221; global_colors_info=&#8221;{}&#8221;]<\/p>\n<h2 style=\"text-align: center;\"><span data-sheets-value=\"{\"1\":2,\"2\":\"Tipogr\u0101fijas kr\u0101sas mazg\u0101\u0161anas iek\u0101rtu veidi:\"}\" data-sheets-userformat=\"{\"2\":31555,\"3\":{\"1\":0},\"4\":{\"1\":2,\"2\":16777215},\"9\":0,\"11\":4,\"12\":0,\"14\":{\"1\":2,\"2\":0},\"15\":\"Arial\",\"16\":19,\"17\":1}\">Spaudos ma\u0161in\u0173 valymo \u012frangos tipai:<\/span><\/h2>\n<p>[\/et_pb_text][\/et_pb_column][\/et_pb_row][et_pb_row column_structure=&#8221;1_3,1_3,1_3&#8243; _builder_version=&#8221;4.20.2&#8243; _module_preset=&#8221;default&#8221; global_colors_info=&#8221;{}&#8221;][et_pb_column type=&#8221;1_3&#8243; _builder_version=&#8221;4.20.2&#8243; _module_preset=&#8221;default&#8221; global_colors_info=&#8221;{}&#8221;][et_pb_blurb title=&#8221;Anilox valymas&#8221; image=&#8221;https:\/\/mgbaltic.lv\/wp-content\/uploads\/2023\/09\/FlexoWash-Anilox-masgasanas-iekarta-MG-Baltic.webp&#8221; image_icon_width=&#8221;78%&#8221; _builder_version=&#8221;4.20.2&#8243; _module_preset=&#8221;default&#8221; header_font=&#8221;|700|||||||&#8221; header_text_align=&#8221;center&#8221; header_font_size=&#8221;22px&#8221; text_orientation=&#8221;justified&#8221; locked=&#8221;off&#8221; global_colors_info=&#8221;{}&#8221;][\/et_pb_blurb][\/et_pb_column][et_pb_column type=&#8221;1_3&#8243; _builder_version=&#8221;4.20.2&#8243; _module_preset=&#8221;default&#8221; global_colors_info=&#8221;{}&#8221;][et_pb_blurb title=&#8221;Detali\u0173 valymas&#8221; image=&#8221;https:\/\/mgbaltic.lv\/wp-content\/uploads\/2023\/09\/Flexo-Wash-detalu-mazgasanas-iekarta-MG-Baltic.webp&#8221; image_icon_width=&#8221;78%&#8221; _builder_version=&#8221;4.20.2&#8243; _module_preset=&#8221;default&#8221; header_font=&#8221;|700|||||||&#8221; header_text_align=&#8221;center&#8221; header_font_size=&#8221;22px&#8221; text_orientation=&#8221;justified&#8221; locked=&#8221;off&#8221; global_colors_info=&#8221;{}&#8221;][\/et_pb_blurb][\/et_pb_column][et_pb_column type=&#8221;1_3&#8243; _builder_version=&#8221;4.20.2&#8243; _module_preset=&#8221;default&#8221; global_colors_info=&#8221;{}&#8221;][et_pb_blurb title=&#8221;Plok\u0161\u010di\u0173 valymas&#8221; image=&#8221;https:\/\/mgbaltic.lv\/wp-content\/uploads\/2023\/09\/Flexo-Wash-plasu-mazgasans-iekarta-MG-Baltic.webp&#8221; image_icon_width=&#8221;78%&#8221; _builder_version=&#8221;4.20.2&#8243; _module_preset=&#8221;default&#8221; header_font=&#8221;|700|||||||&#8221; header_text_align=&#8221;center&#8221; header_font_size=&#8221;22px&#8221; text_orientation=&#8221;justified&#8221; locked=&#8221;off&#8221; global_colors_info=&#8221;{}&#8221;][\/et_pb_blurb][\/et_pb_column][\/et_pb_row][et_pb_row column_structure=&#8221;1_3,1_3,1_3&#8243; _builder_version=&#8221;4.20.2&#8243; _module_preset=&#8221;default&#8221; global_colors_info=&#8221;{}&#8221;][et_pb_column type=&#8221;1_3&#8243; _builder_version=&#8221;4.20.2&#8243; _module_preset=&#8221;default&#8221; global_colors_info=&#8221;{}&#8221;][et_pb_blurb title=&#8221;Rankovi\u0173 valymas&#8221; image=&#8221;https:\/\/mgbaltic.lv\/wp-content\/uploads\/2023\/09\/Flexo-Wash-cilindru-mazgasanas-iekarta-MG-Baltic.webp&#8221; image_icon_width=&#8221;78%&#8221; _builder_version=&#8221;4.20.2&#8243; _module_preset=&#8221;default&#8221; header_font=&#8221;|700|||||||&#8221; header_text_align=&#8221;center&#8221; header_font_size=&#8221;22px&#8221; text_orientation=&#8221;justified&#8221; locked=&#8221;off&#8221; global_colors_info=&#8221;{}&#8221;][\/et_pb_blurb][\/et_pb_column][et_pb_column type=&#8221;1_3&#8243; _builder_version=&#8221;4.20.2&#8243; _module_preset=&#8221;default&#8221; global_colors_info=&#8221;{}&#8221;][et_pb_blurb title=&#8221;Ekran\u0173 valymas&#8221; image=&#8221;https:\/\/mgbaltic.lv\/wp-content\/uploads\/2023\/09\/Flexo-Wash-ekranu-mazgasanas-iekarta-MG-Baltic.webp&#8221; image_icon_width=&#8221;78%&#8221; _builder_version=&#8221;4.20.2&#8243; _module_preset=&#8221;default&#8221; header_font=&#8221;|700|||||||&#8221; header_text_align=&#8221;center&#8221; header_font_size=&#8221;22px&#8221; text_orientation=&#8221;justified&#8221; locked=&#8221;off&#8221; global_colors_info=&#8221;{}&#8221;][\/et_pb_blurb][\/et_pb_column][et_pb_column type=&#8221;1_3&#8243; _builder_version=&#8221;4.20.2&#8243; _module_preset=&#8221;default&#8221; global_colors_info=&#8221;{}&#8221;][et_pb_blurb title=&#8221;Cilindr\u0173 valymas&#8221; image=&#8221;https:\/\/mgbaltic.lv\/wp-content\/uploads\/2023\/09\/Flexo-Wash-cilindru-masgasanas-iekarta-MG-Baltic.webp&#8221; image_icon_width=&#8221;78%&#8221; _builder_version=&#8221;4.20.2&#8243; _module_preset=&#8221;default&#8221; header_font=&#8221;|700|||||||&#8221; header_text_align=&#8221;center&#8221; header_font_size=&#8221;22px&#8221; text_orientation=&#8221;justified&#8221; locked=&#8221;off&#8221; global_colors_info=&#8221;{}&#8221;][\/et_pb_blurb][\/et_pb_column][\/et_pb_row][\/et_pb_section]<\/p>\n","protected":false},"excerpt":{"rendered":"<p>Valymo \u012franga spausdintuv\u0173 da\u017eams Kad pasiektum\u0117te auk\u0161\u010diausius fleksografin\u0117s spaudos kokyb\u0117s standartus, jums prireiks bent vienos Flexo Wash spaudos \u012frangos da\u017e\u0173 valymo ma\u0161inos. Ji u\u017etikrins spalv\u0173 grynum\u0105 spausdinimo metu. M\u016bs\u0173 atstovaujami tiek\u0117jai auk\u0161t\u0105 savo med\u017eiag\u0173 ir \u012frangos kokyb\u0119 yra \u012frod\u0119 Europoje ir visame pasaulyje.Teikiame fleksografin\u0117s spaudos kompanijoms auk\u0161tos kokyb\u0117s aptarnavim\u0105, pristatome med\u017eiagas ir pri\u017ei\u016brime parduotus produktus.N\u0117ra [&hellip;]<\/p>\n","protected":false},"author":1,"featured_media":0,"parent":0,"menu_order":0,"comment_status":"closed","ping_status":"closed","template":"","meta":{"_et_pb_use_builder":"on","_et_pb_old_content":"","_et_gb_content_width":"","inline_featured_image":false,"footnotes":""},"class_list":["post-1081","page","type-page","status-publish","hentry"],"_links":{"self":[{"href":"https:\/\/mgbaltic.lv\/lt\/wp-json\/wp\/v2\/pages\/1081","targetHints":{"allow":["GET"]}}],"collection":[{"href":"https:\/\/mgbaltic.lv\/lt\/wp-json\/wp\/v2\/pages"}],"about":[{"href":"https:\/\/mgbaltic.lv\/lt\/wp-json\/wp\/v2\/types\/page"}],"author":[{"embeddable":true,"href":"https:\/\/mgbaltic.lv\/lt\/wp-json\/wp\/v2\/users\/1"}],"replies":[{"embeddable":true,"href":"https:\/\/mgbaltic.lv\/lt\/wp-json\/wp\/v2\/comments?post=1081"}],"version-history":[{"count":2,"href":"https:\/\/mgbaltic.lv\/lt\/wp-json\/wp\/v2\/pages\/1081\/revisions"}],"predecessor-version":[{"id":1083,"href":"https:\/\/mgbaltic.lv\/lt\/wp-json\/wp\/v2\/pages\/1081\/revisions\/1083"}],"wp:attachment":[{"href":"https:\/\/mgbaltic.lv\/lt\/wp-json\/wp\/v2\/media?parent=1081"}],"curies":[{"name":"wp","href":"https:\/\/api.w.org\/{rel}","templated":true}]}}