{"id":1237,"date":"2023-03-03T06:49:54","date_gmt":"2023-03-03T06:49:54","guid":{"rendered":"https:\/\/mgbaltic.lv\/privatumo-politika\/"},"modified":"2023-11-02T13:55:26","modified_gmt":"2023-11-02T13:55:26","slug":"privatumo-politika","status":"publish","type":"page","link":"https:\/\/mgbaltic.lv\/lt\/privatumo-politika\/","title":{"rendered":"Privatumo politika"},"content":{"rendered":"<p>[et_pb_section fb_built=&#8221;1&#8243; admin_label=&#8221;Header&#8221; _builder_version=&#8221;4.20.2&#8243; _module_preset=&#8221;default&#8221; background_color=&#8221;#063765&#8243; background_image=&#8221;https:\/\/mgbaltic.lv\/wp-content\/uploads\/2023\/04\/acupuncture-78.png&#8221; background_size=&#8221;initial&#8221; background_position=&#8221;bottom_left&#8221; overflow-x=&#8221;hidden&#8221; custom_padding=&#8221;||||false|false&#8221; global_colors_info=&#8221;{}&#8221; theme_builder_area=&#8221;post_content&#8221;][et_pb_row _builder_version=&#8221;4.20.2&#8243; _module_preset=&#8221;default&#8221; global_colors_info=&#8221;{}&#8221; theme_builder_area=&#8221;post_content&#8221;][et_pb_column type=&#8221;4_4&#8243; _builder_version=&#8221;4.20.2&#8243; _module_preset=&#8221;default&#8221; custom_padding=&#8221;0px||0px||false|false&#8221; global_colors_info=&#8221;{}&#8221; theme_builder_area=&#8221;post_content&#8221;][et_pb_text _builder_version=&#8221;4.20.2&#8243; _module_preset=&#8221;default&#8221; text_font_size=&#8221;18px&#8221; text_line_height=&#8221;1.8em&#8221; header_font=&#8221;Unna|700|||||||&#8221; header_font_size=&#8221;68px&#8221; header_line_height=&#8221;1.2em&#8221; z_index=&#8221;10&#8243; background_layout=&#8221;dark&#8221; module_alignment=&#8221;left&#8221; hover_enabled=&#8221;0&#8243; text_font_size_tablet=&#8221;16px&#8221; text_font_size_phone=&#8221;14px&#8221; text_font_size_last_edited=&#8221;on|phone&#8221; header_font_size_tablet=&#8221;48px&#8221; header_font_size_phone=&#8221;32px&#8221; header_font_size_last_edited=&#8221;on|phone&#8221; header_line_height_tablet=&#8221;&#8221; header_line_height_phone=&#8221;1.4em&#8221; header_line_height_last_edited=&#8221;on|phone&#8221; locked=&#8221;off&#8221; global_colors_info=&#8221;{}&#8221; theme_builder_area=&#8221;post_content&#8221; sticky_enabled=&#8221;0&#8243;]<\/p>\n<h1>Privatumo politika<\/h1>\n<p>[\/et_pb_text][\/et_pb_column][\/et_pb_row][\/et_pb_section][et_pb_section fb_built=&#8221;1&#8243; admin_label=&#8221;Details&#8221; _builder_version=&#8221;4.16&#8243; _module_preset=&#8221;default&#8221; locked=&#8221;off&#8221; global_colors_info=&#8221;{}&#8221; theme_builder_area=&#8221;post_content&#8221;][et_pb_row _builder_version=&#8221;4.20.2&#8243; _module_preset=&#8221;default&#8221; hover_enabled=&#8221;0&#8243; global_colors_info=&#8221;{}&#8221; theme_builder_area=&#8221;post_content&#8221; custom_padding=&#8221;||0px||false|false&#8221; sticky_enabled=&#8221;0&#8243;][et_pb_column type=&#8221;4_4&#8243; _builder_version=&#8221;4.20.2&#8243; _module_preset=&#8221;default&#8221; global_colors_info=&#8221;{}&#8221; theme_builder_area=&#8221;post_content&#8221;][et_pb_text _builder_version=&#8221;4.20.2&#8243; _module_preset=&#8221;default&#8221; header_2_font=&#8221;Unna|700|||||||&#8221; header_2_font_size=&#8221;48px&#8221; header_2_line_height=&#8221;1.2em&#8221; hover_enabled=&#8221;0&#8243; header_2_font_size_tablet=&#8221;30px&#8221; header_2_font_size_phone=&#8221;24px&#8221; header_2_font_size_last_edited=&#8221;on|tablet&#8221; header_2_line_height_tablet=&#8221;1.4em&#8221; header_2_line_height_phone=&#8221;1.5em&#8221; header_2_line_height_last_edited=&#8221;on|tablet&#8221; locked=&#8221;off&#8221; global_colors_info=&#8221;{}&#8221; theme_builder_area=&#8221;post_content&#8221; sticky_enabled=&#8221;0&#8243;]<\/p>\n<h2><span>Duomen\u0173 saugumo ir privatumo bei slapuk\u0173 politika<\/span><\/h2>\n<p>[\/et_pb_text][et_pb_text _builder_version=&#8221;4.20.2&#8243; _module_preset=&#8221;default&#8221; text_font_size=&#8221;16px&#8221; text_line_height=&#8221;1.8em&#8221; custom_margin=&#8221;||0px||false|false&#8221; hover_enabled=&#8221;0&#8243; text_font_size_tablet=&#8221;&#8221; text_font_size_phone=&#8221;14px&#8221; text_font_size_last_edited=&#8221;on|phone&#8221; text_line_height_tablet=&#8221;&#8221; text_line_height_phone=&#8221;&#8221; text_line_height_last_edited=&#8221;on|phone&#8221; locked=&#8221;off&#8221; global_colors_info=&#8221;{}&#8221; theme_builder_area=&#8221;post_content&#8221; custom_padding=&#8221;||0px||false|false&#8221; sticky_enabled=&#8221;0&#8243;]<\/p>\n<p style=\"text-align: justify;\">MG Baltic \u012fsik\u016br\u0117 2005m. ir Baltijos \u0161alyse atstovavo Miller Graphic. B\u0117gant laikui d\u0117jome dideles pastangas \u012f bendradarbiavim\u0105 su kitomis \u012fmon\u0117mis, gaminan\u010diomis auk\u0161tos kokyb\u0117s fleksografin\u0117s spaudos i\u0161ankstinio apdorojimo produktus. \u0160iandien si\u016blomas asortimentas ir atstovaujamos \u012fmon\u0117s daro mus stipriausia kompanija, besispecializuojan\u010dia fleksografin\u0117s spaudos i\u0161ankstinio apdorojimo med\u017eiagose ir \u012frangoje.<\/p>\n<p style=\"text-align: justify;\">[\/et_pb_text][\/et_pb_column][\/et_pb_row][et_pb_row _builder_version=&#8221;4.20.2&#8243; _module_preset=&#8221;default&#8221; hover_enabled=&#8221;0&#8243; global_colors_info=&#8221;{}&#8221; theme_builder_area=&#8221;post_content&#8221; custom_margin=&#8221;0px||0px||false|false&#8221; custom_padding=&#8221;0px||0px||false|false&#8221; sticky_enabled=&#8221;0&#8243;][et_pb_column type=&#8221;4_4&#8243; _builder_version=&#8221;4.20.2&#8243; _module_preset=&#8221;default&#8221; global_colors_info=&#8221;{}&#8221; theme_builder_area=&#8221;post_content&#8221;][et_pb_text _builder_version=&#8221;4.20.2&#8243; _module_preset=&#8221;default&#8221; header_2_font=&#8221;Unna|700|||||||&#8221; header_2_font_size=&#8221;48px&#8221; header_2_line_height=&#8221;1.2em&#8221; hover_enabled=&#8221;0&#8243; header_2_font_size_tablet=&#8221;30px&#8221; header_2_font_size_phone=&#8221;24px&#8221; header_2_font_size_last_edited=&#8221;on|tablet&#8221; header_2_line_height_tablet=&#8221;1.4em&#8221; header_2_line_height_phone=&#8221;1.5em&#8221; header_2_line_height_last_edited=&#8221;on|tablet&#8221; locked=&#8221;off&#8221; global_colors_info=&#8221;{}&#8221; theme_builder_area=&#8221;post_content&#8221; sticky_enabled=&#8221;0&#8243; header_3_font=&#8221;Unna|700|||||||&#8221; header_3_font_size=&#8221;30px&#8221; custom_padding=&#8221;||0px||false|false&#8221; custom_margin=&#8221;||0px||false|false&#8221;]<\/p>\n<h3><span>M\u016bs\u0173 \u012fmon\u0117s surinkta informacija ir jos naudojimo tikslai.<\/span><\/h3>\n<p>[\/et_pb_text][et_pb_text _builder_version=&#8221;4.20.2&#8243; _module_preset=&#8221;default&#8221; text_font_size=&#8221;16px&#8221; text_line_height=&#8221;1.8em&#8221; custom_margin=&#8221;||0px||false|false&#8221; hover_enabled=&#8221;0&#8243; text_font_size_tablet=&#8221;&#8221; text_font_size_phone=&#8221;14px&#8221; text_font_size_last_edited=&#8221;on|phone&#8221; text_line_height_tablet=&#8221;&#8221; text_line_height_phone=&#8221;&#8221; text_line_height_last_edited=&#8221;on|phone&#8221; locked=&#8221;off&#8221; global_colors_info=&#8221;{}&#8221; theme_builder_area=&#8221;post_content&#8221; custom_padding=&#8221;||0px||false|false&#8221; sticky_enabled=&#8221;0&#8243;]<\/p>\n<p>Mes renkame informacij\u0105 i\u0161 lankytoj\u0173, kurie u\u017epildo pra\u0161ymo formas m\u016bs\u0173 svetain\u0117je kreipdamiesi d\u0117l konsultacij\u0173 ar naujien\u0173. Taip pat renkama visa internetiniuose pokalbiuose minima informacija. Asmenin\u0117 informacija renkama tik tam, kad vienas i\u0161 m\u016bs\u0173 komandos nari\u0173 gal\u0117t\u0173 susisiekti su atitinkamu asmeniu. N\u0117ra s\u0105lyg\u0173, kurioms esant \u0161i informacija b\u016bt\u0173 perduota tre\u010diosioms \u0161alims. Atitinkamai, tur\u0117tojas SIA \u201eMG Baltic\u201c savo s\u0105ra\u0161\u0173 ar klient\u0173 kontaktini\u0173 s\u0105ra\u0161\u0173 (ar duomen\u0173 i\u0161 \u0161i\u0173 s\u0105ra\u0161\u0173) tretiesiems asmenims neparduoda, nenuomoja ir neskolina.<\/p>\n<p>Asmenin\u0117s informacijos \u012fslaptinimas negali apsiriboti: vardu, pavarde, profesija, \u0161alimi, elektroninio pa\u0161to adresu, telefono numeriu ir kita asmenine informacija, kuri\u0105 lankytojas \u012fved\u0117 klausimo formoje. Paslaugos <a href=\"https:\/\/app.flowmapp.com\/projects\/6f4bc575-1c04-49a6-9274-3c31f14f025f\/sitemap\/mgbaltic.lv\" rel=\"noopener noreferrer\" target=\"_blank\">mgbaltic.lv<\/a> yra tinkamos tiek juridiniams, tiek privatiems asmenims. Jei palikote mums savo kontaktin\u0119 informacij\u0105, \u012fskaitant asmens duomenis, mes galime naudoti \u0161i\u0105 informacij\u0105 teis\u0117tais tikslais, pavyzd\u017eiui:<\/p>\n<p>1. Bendravimas su Jumis pa\u0161tu;<\/p>\n<p>2. Si\u0173sti el.<\/p>\n<p>3. Skambinimas nurodytu telefonu bendravimui<\/p>\n<p>4. U\u017e bendravim\u0105 kitu J\u016bs\u0173 nurodytu b\u016bdu<\/p>\n<p>\u0160io prane\u0161imo tikslas gali b\u016bti susij\u0119s su j\u016bs\u0173 pra\u0161omos informacijos pateikimu rinkodaros tikslais ar kitokiu turiniu, kuris pagerint\u0173 m\u016bs\u0173 tarpusavio supratim\u0105 susijusiais klausimais.<\/p>\n<p>[\/et_pb_text][\/et_pb_column][\/et_pb_row][et_pb_row _builder_version=&#8221;4.20.2&#8243; _module_preset=&#8221;default&#8221; hover_enabled=&#8221;0&#8243; global_colors_info=&#8221;{}&#8221; theme_builder_area=&#8221;post_content&#8221; custom_margin=&#8221;0px||0px||false|false&#8221; custom_padding=&#8221;0px||0px||false|false&#8221; sticky_enabled=&#8221;0&#8243;][et_pb_column type=&#8221;4_4&#8243; _builder_version=&#8221;4.20.2&#8243; _module_preset=&#8221;default&#8221; global_colors_info=&#8221;{}&#8221; theme_builder_area=&#8221;post_content&#8221;][et_pb_text _builder_version=&#8221;4.20.2&#8243; _module_preset=&#8221;default&#8221; header_2_font=&#8221;Unna|700|||||||&#8221; header_2_font_size=&#8221;48px&#8221; header_2_line_height=&#8221;1.2em&#8221; hover_enabled=&#8221;0&#8243; header_2_font_size_tablet=&#8221;30px&#8221; header_2_font_size_phone=&#8221;24px&#8221; header_2_font_size_last_edited=&#8221;on|tablet&#8221; header_2_line_height_tablet=&#8221;1.4em&#8221; header_2_line_height_phone=&#8221;1.5em&#8221; header_2_line_height_last_edited=&#8221;on|tablet&#8221; locked=&#8221;off&#8221; global_colors_info=&#8221;{}&#8221; theme_builder_area=&#8221;post_content&#8221; sticky_enabled=&#8221;0&#8243; header_3_font=&#8221;Unna|700|||||||&#8221; header_3_font_size=&#8221;30px&#8221; custom_padding=&#8221;||0px||false|false&#8221; custom_margin=&#8221;||0px||false|false&#8221;]<\/p>\n<h3><span>Slapukai ir j\u0173 naudojimas<\/span><\/h3>\n<p>[\/et_pb_text][et_pb_text _builder_version=&#8221;4.20.2&#8243; _module_preset=&#8221;default&#8221; text_font_size=&#8221;16px&#8221; text_line_height=&#8221;1.8em&#8221; custom_margin=&#8221;||0px||false|false&#8221; hover_enabled=&#8221;0&#8243; text_font_size_tablet=&#8221;&#8221; text_font_size_phone=&#8221;14px&#8221; text_font_size_last_edited=&#8221;on|phone&#8221; text_line_height_tablet=&#8221;&#8221; text_line_height_phone=&#8221;&#8221; text_line_height_last_edited=&#8221;on|phone&#8221; locked=&#8221;off&#8221; global_colors_info=&#8221;{}&#8221; theme_builder_area=&#8221;post_content&#8221; custom_padding=&#8221;||0px||false|false&#8221; sticky_enabled=&#8221;0&#8243;]<\/p>\n<p>Kas yra slapukai? Slapukai yra nedideli informacijos kiekiai, kurie i\u0161saugomi j\u016bs\u0173 kompiuterio, plan\u0161etinio kompiuterio ar mobiliojo \u012frenginio nar\u0161ykl\u0117je, kai lankot\u0117s svetain\u0117je. Po to kiekvieno paskesnio apsilankymo metu slapukai siun\u010diami atgal \u012f juos suk\u016brusi\u0105 svetain\u0119 arba \u012f kit\u0105 slapuk\u0105 atpa\u017e\u012fstan\u010di\u0105 svetain\u0119. Daugiau informacijos apie slapukus rasite <a href=\"http:\/\/www.allaboutcookies.org\/\" rel=\"noopener noreferrer\" target=\"_blank\">\u010dia.<\/a> M\u016bs\u0173 privatumo politika taikoma slapukams ir pana\u0161ioms technologijoms.<\/p>\n<p>M\u016bs\u0173 svetain\u0117je naudojami \u0161ie slapukai:<\/p>\n<p>[\/et_pb_text][et_pb_text _builder_version=&#8221;4.20.2&#8243; _module_preset=&#8221;default&#8221; text_font_size=&#8221;16px&#8221; text_line_height=&#8221;1.8em&#8221; custom_margin=&#8221;||0px||false|false&#8221; hover_enabled=&#8221;0&#8243; text_font_size_tablet=&#8221;&#8221; text_font_size_phone=&#8221;14px&#8221; text_font_size_last_edited=&#8221;on|phone&#8221; text_line_height_tablet=&#8221;&#8221; text_line_height_phone=&#8221;&#8221; text_line_height_last_edited=&#8221;on|phone&#8221; locked=&#8221;off&#8221; global_colors_info=&#8221;{}&#8221; theme_builder_area=&#8221;post_content&#8221; custom_padding=&#8221;||0px||false|false&#8221; sticky_enabled=&#8221;0&#8243;]<\/p>\n<p><strong>Techniniai slapukai<\/strong><\/p>\n<p>Stengiam\u0117s savo vartotojams pasi\u016blyti pa\u017eangi\u0105 ir patogi\u0105 svetain\u0119, kuri automati\u0161kai prisitaiko prie vartotoj\u0173 poreiki\u0173 ir pageidavim\u0173. Siekdami \u0161io tikslo naudojame techninius slapukus, kad parodytume jums m\u016bs\u0173 svetain\u0119, kad ji tinkamai veikt\u0173. Atitinkamai, \u0161ie slapukai tikrai b\u016btini tinkamam m\u016bs\u0173 svetain\u0117s veikimui.<\/p>\n<p><strong>Funkciniai slapukai<\/strong><\/p>\n<p><span>Taip pat naudojame funkcinius slapukus, kad prisimintume j\u016bs\u0173 pasirinkimus ir pad\u0117tume jums kuo produktyviau naudotis m\u016bs\u0173 svetaine, pavyzd\u017eiui, prisimindami j\u016bs\u0173 pasirinkt\u0105 paslaug\u0105. \u0160ie funkciniai slapukai neb\u016btinai b\u016btini tinkamam m\u016bs\u0173 svetain\u0117s veikimui, ta\u010diau jie yra papildomai naudingi jums, kaip vartotojui, nes pagerina j\u016bs\u0173 vartotojo patirt\u012f.<\/span><\/p>\n<p><strong>Analitiniai slapukai<\/strong><\/p>\n<p>\u0160iuos slapukus naudojame siekdami suprasti, kaip m\u016bs\u0173 vartotojai naudojasi svetaine, su\u017einoti, kas veikia, o kas ne, optimizuoti ir tobulinti svetain\u0119 bei u\u017etikrinti, kad vartotojams si\u016blomas produktas i\u0161likt\u0173 \u012fdomus ir aktualus. \u012era\u0161ome tokius duomenis kaip j\u016bs\u0173 per\u017ei\u016brimi pagrindiniai puslapiai, puslapiai, \u012f kuriuos nukreipiate \/ i\u0161einate, i\u0161 kur at\u0117jote ir kur baig\u0117te per\u017ei\u016br\u0117ti, naudojamos platformos tipas, datos \/ laiko informacija ir informacija apie j\u016bs\u0173 svetain\u0117s paspaudim\u0173 skai\u010di\u0173. kompiuterio pel\u0117 atitinkamame puslapyje, pel\u0117s judesiai, slinkimo judesiai, j\u016bs\u0173 naudojami paie\u0161kos terminai ir tekstas, kur\u012f \u012fvedate naudodamiesi m\u016bs\u0173 svetaine. Savo internetin\u0117se reklamos kampanijose taip pat naudojame analitinius slapukus, kad su\u017einotume, kaip m\u016bs\u0173 vartotojai naudojasi svetaine, pamat\u0119 m\u016bs\u0173 reklam\u0105 internete (tai taip pat gali b\u016bti skelbimai tre\u010di\u0173j\u0173 \u0161ali\u0173 svetain\u0117se), ta\u010diau negal\u0117sime j\u016bs\u0173 identifikuoti ir \u012fra\u0161ysime tik anoniminius informacija.<\/p>\n<p>Reklaminiai slapukai: mes naudojame tiek savo, tiek tre\u010di\u0173j\u0173 \u0161ali\u0173 slapukus, kad rodytume jums suasmenintus skelbimus m\u016bs\u0173 ir kitose svetain\u0117se. Tai vadinami nukreiptais puslapiais ir yra pagr\u012fsti j\u016bs\u0173 nar\u0161ymo veikla m\u016bs\u0173 svetain\u0117je, pvz., paslaugomis, kuri\u0173 ie\u0161kote.<\/p>\n<p>[\/et_pb_text][\/et_pb_column][\/et_pb_row][et_pb_row _builder_version=&#8221;4.20.2&#8243; _module_preset=&#8221;default&#8221; hover_enabled=&#8221;0&#8243; global_colors_info=&#8221;{}&#8221; theme_builder_area=&#8221;post_content&#8221; custom_margin=&#8221;0px||0px||false|false&#8221; custom_padding=&#8221;0px||0px||false|false&#8221; sticky_enabled=&#8221;0&#8243;][et_pb_column type=&#8221;4_4&#8243; _builder_version=&#8221;4.20.2&#8243; _module_preset=&#8221;default&#8221; global_colors_info=&#8221;{}&#8221; theme_builder_area=&#8221;post_content&#8221;][et_pb_text _builder_version=&#8221;4.20.2&#8243; _module_preset=&#8221;default&#8221; header_2_font=&#8221;Unna|700|||||||&#8221; header_2_font_size=&#8221;48px&#8221; header_2_line_height=&#8221;1.2em&#8221; hover_enabled=&#8221;0&#8243; header_2_font_size_tablet=&#8221;30px&#8221; header_2_font_size_phone=&#8221;24px&#8221; header_2_font_size_last_edited=&#8221;on|tablet&#8221; header_2_line_height_tablet=&#8221;1.4em&#8221; header_2_line_height_phone=&#8221;1.5em&#8221; header_2_line_height_last_edited=&#8221;on|tablet&#8221; locked=&#8221;off&#8221; global_colors_info=&#8221;{}&#8221; theme_builder_area=&#8221;post_content&#8221; sticky_enabled=&#8221;0&#8243; header_3_font=&#8221;Unna|700|||||||&#8221; header_3_font_size=&#8221;30px&#8221; custom_padding=&#8221;||0px||false|false&#8221; custom_margin=&#8221;||0px||false|false&#8221;]<\/p>\n<h3><span>Kaip patvirtinti, i\u0161jungti arba i\u0161trinti slapukus?<\/span><\/h3>\n<p>[\/et_pb_text][et_pb_text _builder_version=&#8221;4.20.2&#8243; _module_preset=&#8221;default&#8221; text_font_size=&#8221;16px&#8221; text_line_height=&#8221;1.8em&#8221; custom_margin=&#8221;||0px||false|false&#8221; hover_enabled=&#8221;0&#8243; text_font_size_tablet=&#8221;&#8221; text_font_size_phone=&#8221;14px&#8221; text_font_size_last_edited=&#8221;on|phone&#8221; text_line_height_tablet=&#8221;&#8221; text_line_height_phone=&#8221;&#8221; text_line_height_last_edited=&#8221;on|phone&#8221; locked=&#8221;off&#8221; global_colors_info=&#8221;{}&#8221; theme_builder_area=&#8221;post_content&#8221; custom_padding=&#8221;||0px||false|false&#8221; sticky_enabled=&#8221;0&#8243;]<\/p>\n<p>Kai lankot\u0117s m\u016bs\u0173 svetain\u0117je, jums rodomas langas su prane\u0161imu apie svetain\u0117s slapuk\u0173 naudojim\u0105. Paspausdami sutikimo mygtuk\u0105 patvirtinate, kad susipa\u017einote su informacija apie slapukus ir j\u0173 naudojimo tikslus. <\/p>\n<p>Nor\u0117dami i\u0161jungti slapukus, suaktyvinkite savo nar\u0161ykl\u0117s nustatym\u0105, leid\u017eiant\u012f at\u0161aukti vis\u0173 arba kai kuri\u0173 slapuk\u0173 nustatymus. Ta\u010diau jei naudojate nar\u0161ykl\u0117s nustatymus, kad i\u0161jungtum\u0117te visus slapukus (\u012fskaitant techninius slapukus), jums gali nepavykti pasiekti vis\u0173 svetaini\u0173 skil\u010di\u0173.<\/p>\n<p>Daugiau informacijos apie tai, kaip valdyti slapuk\u0173 meniu populiariausiose nar\u0161ykl\u0117se, rasite \u010dia: <a href=\"http:\/\/windows.microsoft.com\/en-GB\/windows7\/how-to-manage-cookies-in-internet-explorer-9\" rel=\"noopener noreferrer\" target=\"_blank\"><em>Internet Explorer<\/em><\/a>; <a href=\"https:\/\/support.google.com\/chrome\/answer\/95647?hl=en\" rel=\"noopener noreferrer\" target=\"_blank\"><em>Chrome<\/em><\/a>; <a href=\"https:\/\/support.mozilla.org\/en-US\/kb\/delete-cookies-remove-info-websites-stored\" rel=\"noopener noreferrer\" target=\"_blank\"><em>Firefox<\/em><\/a>; <a href=\"https:\/\/support.apple.com\/kb\/PH19214?locale=en_US\" rel=\"noopener noreferrer\" target=\"_blank\"><em>Safari<\/em><\/a>; <a href=\"http:\/\/help.opera.com\/Windows\/9.51\/en\/cookies.html\" rel=\"noopener noreferrer\" target=\"_blank\"><em>Opera<\/em><\/a>.<\/p>\n<p>[\/et_pb_text][\/et_pb_column][\/et_pb_row][et_pb_row _builder_version=&#8221;4.20.2&#8243; _module_preset=&#8221;default&#8221; hover_enabled=&#8221;0&#8243; global_colors_info=&#8221;{}&#8221; theme_builder_area=&#8221;post_content&#8221; custom_margin=&#8221;0px||0px||false|false&#8221; custom_padding=&#8221;0px||0px||false|false&#8221; sticky_enabled=&#8221;0&#8243;][et_pb_column type=&#8221;4_4&#8243; _builder_version=&#8221;4.20.2&#8243; _module_preset=&#8221;default&#8221; global_colors_info=&#8221;{}&#8221; theme_builder_area=&#8221;post_content&#8221;][et_pb_text _builder_version=&#8221;4.20.2&#8243; _module_preset=&#8221;default&#8221; header_2_font=&#8221;Unna|700|||||||&#8221; header_2_font_size=&#8221;48px&#8221; header_2_line_height=&#8221;1.2em&#8221; hover_enabled=&#8221;0&#8243; header_2_font_size_tablet=&#8221;30px&#8221; header_2_font_size_phone=&#8221;24px&#8221; header_2_font_size_last_edited=&#8221;on|tablet&#8221; header_2_line_height_tablet=&#8221;1.4em&#8221; header_2_line_height_phone=&#8221;1.5em&#8221; header_2_line_height_last_edited=&#8221;on|tablet&#8221; locked=&#8221;off&#8221; global_colors_info=&#8221;{}&#8221; theme_builder_area=&#8221;post_content&#8221; sticky_enabled=&#8221;0&#8243; header_3_font=&#8221;Unna|700|||||||&#8221; header_3_font_size=&#8221;30px&#8221; custom_padding=&#8221;||0px||false|false&#8221; custom_margin=&#8221;||0px||false|false&#8221;]<\/p>\n<h3><span>Privatumo politikos pakeitimai.<\/span><\/h3>\n<p>[\/et_pb_text][et_pb_text _builder_version=&#8221;4.20.2&#8243; _module_preset=&#8221;default&#8221; text_font_size=&#8221;16px&#8221; text_line_height=&#8221;1.8em&#8221; custom_margin=&#8221;||0px||false|false&#8221; hover_enabled=&#8221;0&#8243; text_font_size_tablet=&#8221;&#8221; text_font_size_phone=&#8221;14px&#8221; text_font_size_last_edited=&#8221;on|phone&#8221; text_line_height_tablet=&#8221;&#8221; text_line_height_phone=&#8221;&#8221; text_line_height_last_edited=&#8221;on|phone&#8221; locked=&#8221;off&#8221; global_colors_info=&#8221;{}&#8221; theme_builder_area=&#8221;post_content&#8221; custom_padding=&#8221;||0px||false|false&#8221; sticky_enabled=&#8221;0&#8243;]<\/p>\n<p>Svetain\u0117s <a href=\"https:\/\/app.flowmapp.com\/projects\/6f4bc575-1c04-49a6-9274-3c31f14f025f\/sitemap\/mgbaltic.lv\" rel=\"noopener noreferrer\" target=\"_blank\">mgbaltic.lv<\/a> savininkas pasilieka teis\u0119 perra\u0161yti ar keisti \u0161i\u0105 politik\u0105, taip pat bet koki\u0105 kit\u0105 \u0161ioje svetain\u0117je rast\u0105 informacij\u0105, atnaujindamas turin\u012f atitinkamose skiltyse. Naudodamiesi \u0161ia svetaine sutinkate su visomis s\u0105lygomis ir bet kokiais j\u0173 pakeitimais. Bet kokie m\u016bs\u0173 privatumo politikos pakeitimai bus paskelbti \u010dia. Reguliariai tikrinkite \u0161\u012f puslap\u012f.<\/p>\n<p>Jei turite klausim\u0173, susijusi\u0173 su Privatumo politika, susisiekite su mumis skiltyje \u201eKontaktai\u201c nurodytais kontaktais.<\/p>\n<p>Paskutiniai pakeitimai padaryti: 2023-10-02<strong>.<\/strong><\/p>\n<p>&nbsp;<\/p>\n<p>[\/et_pb_text][\/et_pb_column][\/et_pb_row][\/et_pb_section]<\/p>\n","protected":false},"excerpt":{"rendered":"<p>Privatumo politikaDuomen\u0173 saugumo ir privatumo bei slapuk\u0173 politikaMG Baltic \u012fsik\u016br\u0117 2005m. ir Baltijos \u0161alyse atstovavo Miller Graphic. B\u0117gant laikui d\u0117jome dideles pastangas \u012f bendradarbiavim\u0105 su kitomis \u012fmon\u0117mis, gaminan\u010diomis auk\u0161tos kokyb\u0117s fleksografin\u0117s spaudos i\u0161ankstinio apdorojimo produktus. \u0160iandien si\u016blomas asortimentas ir atstovaujamos \u012fmon\u0117s daro mus stipriausia kompanija, besispecializuojan\u010dia fleksografin\u0117s spaudos i\u0161ankstinio apdorojimo med\u017eiagose ir \u012frangoje. M\u016bs\u0173 \u012fmon\u0117s [&hellip;]<\/p>\n","protected":false},"author":1,"featured_media":0,"parent":0,"menu_order":0,"comment_status":"closed","ping_status":"open","template":"","meta":{"_et_pb_use_builder":"on","_et_pb_old_content":"","_et_gb_content_width":"","inline_featured_image":false,"footnotes":""},"class_list":["post-1237","page","type-page","status-publish","hentry"],"_links":{"self":[{"href":"https:\/\/mgbaltic.lv\/lt\/wp-json\/wp\/v2\/pages\/1237","targetHints":{"allow":["GET"]}}],"collection":[{"href":"https:\/\/mgbaltic.lv\/lt\/wp-json\/wp\/v2\/pages"}],"about":[{"href":"https:\/\/mgbaltic.lv\/lt\/wp-json\/wp\/v2\/types\/page"}],"author":[{"embeddable":true,"href":"https:\/\/mgbaltic.lv\/lt\/wp-json\/wp\/v2\/users\/1"}],"replies":[{"embeddable":true,"href":"https:\/\/mgbaltic.lv\/lt\/wp-json\/wp\/v2\/comments?post=1237"}],"version-history":[{"count":2,"href":"https:\/\/mgbaltic.lv\/lt\/wp-json\/wp\/v2\/pages\/1237\/revisions"}],"predecessor-version":[{"id":1239,"href":"https:\/\/mgbaltic.lv\/lt\/wp-json\/wp\/v2\/pages\/1237\/revisions\/1239"}],"wp:attachment":[{"href":"https:\/\/mgbaltic.lv\/lt\/wp-json\/wp\/v2\/media?parent=1237"}],"curies":[{"name":"wp","href":"https:\/\/api.w.org\/{rel}","templated":true}]}}